{"id":120635,"date":"2023-08-30T16:15:25","date_gmt":"2023-08-30T14:15:25","guid":{"rendered":"https:\/\/www.duboeuf.com\/e-boutique\/non%20class\u00e9\/morgon-belles-grives\/"},"modified":"2023-08-31T14:23:33","modified_gmt":"2023-08-31T12:23:33","slug":"morgon-belles-grives","status":"publish","type":"product","link":"https:\/\/www.duboeuf.com\/fr\/e-boutique\/fiche-technique\/morgon-belles-grives\/","title":{"rendered":"Morgon Belles Grives"},"content":{"rendered":"<p>Les traces retrouv\u00e9es dans les archives sur Villi\u00e9 remontent \u00e0 947. A pr\u00e9sent, il est certain que le village \u00e9tait le passage d&rsquo;une voie romaine. <\/p>\n<p>Morgon est un hameau de Villi\u00e9-Morgon, ce n&rsquo;est donc pas une commune. <\/p>\n<p>Le Morgon \u00a0\u00bb Belles Grives \u00a0\u00bb est issu d&rsquo;un assemblage des meilleures cuv\u00e9es \u00e9labor\u00e9es sur des terroirs de pr\u00e9dilection du Cru Morgon tels : Grand Cras, les Charmes, Corcelette, les Micouds, Douby, Bellevue.<\/p>\n","protected":false},"excerpt":{"rendered":"<p>Les traces retrouv\u00e9es dans les archives sur Villi\u00e9 remontent \u00e0 947. A pr\u00e9sent, il est certain que le village \u00e9tait le passage d&rsquo;une voie romaine. Morgon est un hameau de Villi\u00e9-Morgon, ce n&rsquo;est donc pas une commune. Le Morgon \u00a0\u00bb Belles Grives \u00a0\u00bb est issu d&rsquo;un assemblage des meilleures cuv\u00e9es \u00e9labor\u00e9es sur des terroirs de [&hellip;]<\/p>\n","protected":false},"featured_media":3127,"template":"","meta":{"_acf_changed":false},"product_brand":[],"product_cat":[30],"product_tag":[],"region":[33],"aoc":[74],"couleur":[92],"gamme":[],"millesime":[],"collection":[151],"class_list":{"0":"post-120635","1":"product","2":"type-product","3":"status-publish","4":"has-post-thumbnail","6":"product_cat-fiche-technique","7":"region-vins-du-beaujolais","8":"aoc-morgon","9":"couleur-rouge","10":"collection-domaines-chateaux","12":"first","13":"outofstock","14":"product-type-simple"},"acf":[],"_links":{"self":[{"href":"https:\/\/www.duboeuf.com\/fr\/wp-json\/wp\/v2\/product\/120635","targetHints":{"allow":["GET"]}}],"collection":[{"href":"https:\/\/www.duboeuf.com\/fr\/wp-json\/wp\/v2\/product"}],"about":[{"href":"https:\/\/www.duboeuf.com\/fr\/wp-json\/wp\/v2\/types\/product"}],"wp:featuredmedia":[{"embeddable":true,"href":"https:\/\/www.duboeuf.com\/fr\/wp-json\/wp\/v2\/media\/3127"}],"wp:attachment":[{"href":"https:\/\/www.duboeuf.com\/fr\/wp-json\/wp\/v2\/media?parent=120635"}],"wp:term":[{"taxonomy":"product_brand","embeddable":true,"href":"https:\/\/www.duboeuf.com\/fr\/wp-json\/wp\/v2\/product_brand?post=120635"},{"taxonomy":"product_cat","embeddable":true,"href":"https:\/\/www.duboeuf.com\/fr\/wp-json\/wp\/v2\/product_cat?post=120635"},{"taxonomy":"product_tag","embeddable":true,"href":"https:\/\/www.duboeuf.com\/fr\/wp-json\/wp\/v2\/product_tag?post=120635"},{"taxonomy":"region","embeddable":true,"href":"https:\/\/www.duboeuf.com\/fr\/wp-json\/wp\/v2\/region?post=120635"},{"taxonomy":"aoc","embeddable":true,"href":"https:\/\/www.duboeuf.com\/fr\/wp-json\/wp\/v2\/aoc?post=120635"},{"taxonomy":"couleur","embeddable":true,"href":"https:\/\/www.duboeuf.com\/fr\/wp-json\/wp\/v2\/couleur?post=120635"},{"taxonomy":"gamme","embeddable":true,"href":"https:\/\/www.duboeuf.com\/fr\/wp-json\/wp\/v2\/gamme?post=120635"},{"taxonomy":"millesime","embeddable":true,"href":"https:\/\/www.duboeuf.com\/fr\/wp-json\/wp\/v2\/millesime?post=120635"},{"taxonomy":"collection","embeddable":true,"href":"https:\/\/www.duboeuf.com\/fr\/wp-json\/wp\/v2\/collection?post=120635"}],"curies":[{"name":"wp","href":"https:\/\/api.w.org\/{rel}","templated":true}]}}