{"id":120636,"date":"2023-08-30T16:15:25","date_gmt":"2023-08-30T14:15:25","guid":{"rendered":"https:\/\/www.duboeuf.com\/e-boutique\/non%20class\u00e9\/moulin-a-vent-eleve-en-fut-de-chene\/"},"modified":"2023-08-31T14:24:02","modified_gmt":"2023-08-31T12:24:02","slug":"moulin-a-vent-eleve-en-fut-de-chene","status":"publish","type":"product","link":"https:\/\/www.duboeuf.com\/fr\/e-boutique\/fiche-technique\/moulin-a-vent-eleve-en-fut-de-chene\/","title":{"rendered":"Moulin-A-Vent Elev\u00e9 En F\u00fbt De Ch\u00eane"},"content":{"rendered":"<p>Nos cuv\u00e9es de Moulin \u00e0 Vent s\u00e9lectionn\u00e9es pour \u00e9levage en f\u00fbt de ch\u00eane neuf sont issues d&rsquo;une s\u00e9lection rigoureuse : <\/p>\n<p>&#8211; parcelles de vieilles vignes en exposition sud-est dans les meilleurs climats de l&rsquo;appellation.<\/p>\n<p>&#8211; rendement faible donnant des vins d&rsquo;une grande concentration se mariant tr\u00e8s bien avec les tanins du bois au cours d&rsquo;un \u00e9levage en f\u00fbt neuf. Pendant six \u00e0 huit mois minimum.<\/p>\n<p>Au cours de cet \u00e9levage le f\u00fbt transmet des ar\u00f4mes torrr\u00e9fi\u00e9s et \u00e9pic\u00e9s apportant une grande complexit\u00e9 \u00e0 ce vin.<\/p>\n","protected":false},"excerpt":{"rendered":"<p>Nos cuv\u00e9es de Moulin \u00e0 Vent s\u00e9lectionn\u00e9es pour \u00e9levage en f\u00fbt de ch\u00eane neuf sont issues d&rsquo;une s\u00e9lection rigoureuse : &#8211; parcelles de vieilles vignes en exposition sud-est dans les meilleurs climats de l&rsquo;appellation. &#8211; rendement faible donnant des vins d&rsquo;une grande concentration se mariant tr\u00e8s bien avec les tanins du bois au cours d&rsquo;un [&hellip;]<\/p>\n","protected":false},"featured_media":120637,"template":"","meta":{"_acf_changed":false},"product_brand":[],"product_cat":[30],"product_tag":[],"region":[33],"aoc":[75],"couleur":[92],"gamme":[],"millesime":[],"collection":[156],"class_list":{"0":"post-120636","1":"product","2":"type-product","3":"status-publish","4":"has-post-thumbnail","6":"product_cat-fiche-technique","7":"region-vins-du-beaujolais","8":"aoc-moulin-a-vent","9":"couleur-rouge","10":"collection-fleurs","12":"first","13":"outofstock","14":"product-type-simple"},"acf":[],"_links":{"self":[{"href":"https:\/\/www.duboeuf.com\/fr\/wp-json\/wp\/v2\/product\/120636","targetHints":{"allow":["GET"]}}],"collection":[{"href":"https:\/\/www.duboeuf.com\/fr\/wp-json\/wp\/v2\/product"}],"about":[{"href":"https:\/\/www.duboeuf.com\/fr\/wp-json\/wp\/v2\/types\/product"}],"wp:featuredmedia":[{"embeddable":true,"href":"https:\/\/www.duboeuf.com\/fr\/wp-json\/wp\/v2\/media\/120637"}],"wp:attachment":[{"href":"https:\/\/www.duboeuf.com\/fr\/wp-json\/wp\/v2\/media?parent=120636"}],"wp:term":[{"taxonomy":"product_brand","embeddable":true,"href":"https:\/\/www.duboeuf.com\/fr\/wp-json\/wp\/v2\/product_brand?post=120636"},{"taxonomy":"product_cat","embeddable":true,"href":"https:\/\/www.duboeuf.com\/fr\/wp-json\/wp\/v2\/product_cat?post=120636"},{"taxonomy":"product_tag","embeddable":true,"href":"https:\/\/www.duboeuf.com\/fr\/wp-json\/wp\/v2\/product_tag?post=120636"},{"taxonomy":"region","embeddable":true,"href":"https:\/\/www.duboeuf.com\/fr\/wp-json\/wp\/v2\/region?post=120636"},{"taxonomy":"aoc","embeddable":true,"href":"https:\/\/www.duboeuf.com\/fr\/wp-json\/wp\/v2\/aoc?post=120636"},{"taxonomy":"couleur","embeddable":true,"href":"https:\/\/www.duboeuf.com\/fr\/wp-json\/wp\/v2\/couleur?post=120636"},{"taxonomy":"gamme","embeddable":true,"href":"https:\/\/www.duboeuf.com\/fr\/wp-json\/wp\/v2\/gamme?post=120636"},{"taxonomy":"millesime","embeddable":true,"href":"https:\/\/www.duboeuf.com\/fr\/wp-json\/wp\/v2\/millesime?post=120636"},{"taxonomy":"collection","embeddable":true,"href":"https:\/\/www.duboeuf.com\/fr\/wp-json\/wp\/v2\/collection?post=120636"}],"curies":[{"name":"wp","href":"https:\/\/api.w.org\/{rel}","templated":true}]}}