{"id":120639,"date":"2023-08-30T16:15:25","date_gmt":"2023-08-30T14:15:25","guid":{"rendered":"https:\/\/www.duboeuf.com\/e-boutique\/non%20class\u00e9\/pouilly-fuisse-eleve-en-fut-de-chene\/"},"modified":"2023-08-31T14:24:17","modified_gmt":"2023-08-31T12:24:17","slug":"pouilly-fuisse-eleve-en-fut-de-chene","status":"publish","type":"product","link":"https:\/\/www.duboeuf.com\/fr\/e-boutique\/fiche-technique\/pouilly-fuisse-eleve-en-fut-de-chene\/","title":{"rendered":"Pouilly-Fuiss\u00e9 Elev\u00e9 En F\u00fbt De Ch\u00eane"},"content":{"rendered":"<p>Le profil des roches de Solutr\u00e9 et de Vergisson s&rsquo;avance dans le ciel comme la proue de deux navires. A leur pied, le vignoble le plus prestigieux du M\u00e2connais, celui de Pouilly Fuiss\u00e9 se d\u00e9veloppe sur les communes de Fuiss\u00e9, Chaintr\u00e9, Solutr\u00e9-Pouilly et Vergisson. L&rsquo;int\u00e9r\u00eat pr\u00e9historique et historique de ces roches est certain. En 1987, fut inaugur\u00e9 \u00e0 Solutr\u00e9 un Mus\u00e9e de la Pr\u00e9histoire unique en son genre. Il est reconnu comme un des plus importants mus\u00e9es de la sorte.<\/p>\n<p>Pour cette cuv\u00e9e sp\u00e9ciale \u00a0\u00bb F\u00fbt de Ch\u00eane \u00ab\u00a0, le vin est \u00e9lev\u00e9 pendant 8 mois minimum dans des f\u00fbts neufs ou des f\u00fbts d&rsquo;un ou deux ans. La majorit\u00e9 des barriques, en ch\u00eane fran\u00e7ais, provient d&rsquo;un tonnelier avec lequel nous travaillons en \u00e9troite collaboration depuis plus de trente ans.<\/p>\n<p>Le vin, d\u00e9j\u00e0 complexe, s&rsquo;enrichit d&rsquo;une d\u00e9licate note bois\u00e9e, et vanill\u00e9e qui se marie \u00e0 merveille avec le c\u00f4t\u00e9 min\u00e9ral de la pierre \u00e0 fusil caract\u00e9ristique de l&rsquo;appellation.<\/p>\n","protected":false},"excerpt":{"rendered":"<p>Le profil des roches de Solutr\u00e9 et de Vergisson s&rsquo;avance dans le ciel comme la proue de deux navires. A leur pied, le vignoble le plus prestigieux du M\u00e2connais, celui de Pouilly Fuiss\u00e9 se d\u00e9veloppe sur les communes de Fuiss\u00e9, Chaintr\u00e9, Solutr\u00e9-Pouilly et Vergisson. L&rsquo;int\u00e9r\u00eat pr\u00e9historique et historique de ces roches est certain. En 1987, [&hellip;]<\/p>\n","protected":false},"featured_media":120640,"template":"","meta":{"_acf_changed":false},"product_brand":[],"product_cat":[30],"product_tag":[],"region":[37],"aoc":[83],"couleur":[94],"gamme":[],"millesime":[],"collection":[156],"class_list":{"0":"post-120639","1":"product","2":"type-product","3":"status-publish","4":"has-post-thumbnail","6":"product_cat-fiche-technique","7":"region-vins-du-maconnais","8":"aoc-pouilly-fuisse","9":"couleur-blanc","10":"collection-fleurs","12":"first","13":"outofstock","14":"product-type-simple"},"acf":[],"_links":{"self":[{"href":"https:\/\/www.duboeuf.com\/fr\/wp-json\/wp\/v2\/product\/120639","targetHints":{"allow":["GET"]}}],"collection":[{"href":"https:\/\/www.duboeuf.com\/fr\/wp-json\/wp\/v2\/product"}],"about":[{"href":"https:\/\/www.duboeuf.com\/fr\/wp-json\/wp\/v2\/types\/product"}],"wp:featuredmedia":[{"embeddable":true,"href":"https:\/\/www.duboeuf.com\/fr\/wp-json\/wp\/v2\/media\/120640"}],"wp:attachment":[{"href":"https:\/\/www.duboeuf.com\/fr\/wp-json\/wp\/v2\/media?parent=120639"}],"wp:term":[{"taxonomy":"product_brand","embeddable":true,"href":"https:\/\/www.duboeuf.com\/fr\/wp-json\/wp\/v2\/product_brand?post=120639"},{"taxonomy":"product_cat","embeddable":true,"href":"https:\/\/www.duboeuf.com\/fr\/wp-json\/wp\/v2\/product_cat?post=120639"},{"taxonomy":"product_tag","embeddable":true,"href":"https:\/\/www.duboeuf.com\/fr\/wp-json\/wp\/v2\/product_tag?post=120639"},{"taxonomy":"region","embeddable":true,"href":"https:\/\/www.duboeuf.com\/fr\/wp-json\/wp\/v2\/region?post=120639"},{"taxonomy":"aoc","embeddable":true,"href":"https:\/\/www.duboeuf.com\/fr\/wp-json\/wp\/v2\/aoc?post=120639"},{"taxonomy":"couleur","embeddable":true,"href":"https:\/\/www.duboeuf.com\/fr\/wp-json\/wp\/v2\/couleur?post=120639"},{"taxonomy":"gamme","embeddable":true,"href":"https:\/\/www.duboeuf.com\/fr\/wp-json\/wp\/v2\/gamme?post=120639"},{"taxonomy":"millesime","embeddable":true,"href":"https:\/\/www.duboeuf.com\/fr\/wp-json\/wp\/v2\/millesime?post=120639"},{"taxonomy":"collection","embeddable":true,"href":"https:\/\/www.duboeuf.com\/fr\/wp-json\/wp\/v2\/collection?post=120639"}],"curies":[{"name":"wp","href":"https:\/\/api.w.org\/{rel}","templated":true}]}}