{"id":120642,"date":"2023-08-30T16:15:25","date_gmt":"2023-08-30T14:15:25","guid":{"rendered":"https:\/\/www.duboeuf.com\/e-boutique\/non%20class\u00e9\/saint-veran-domaine-saint-martin\/"},"modified":"2023-08-31T14:26:09","modified_gmt":"2023-08-31T12:26:09","slug":"saint-veran-domaine-saint-martin","status":"publish","type":"product","link":"https:\/\/www.duboeuf.com\/fr\/e-boutique\/fiche-technique\/saint-veran-domaine-saint-martin\/","title":{"rendered":"Saint-V\u00e9ran Domaine Saint Martin"},"content":{"rendered":"<p>La famille SAINT MARTIN est une tr\u00e8s ancienne famille de la commune de Davay\u00e9.<br \/>\nCette belle propri\u00e9t\u00e9 a \u00e9t\u00e9 \u00e9tablie par le p\u00e8re de Paul SAINT MARTIN.<br \/>\nPaul est d\u00e9c\u00e9d\u00e9 en 2003, aujourd&rsquo;hui c&rsquo;est sa fille Pascale qui g\u00e8re le Domaine. Deux m\u00e9tayers travaillent sur l&rsquo;exploitation en \u00e9troite collaboration avec elle.<br \/>\nL&rsquo;\u00e2ge avanc\u00e9 des vignes contribue au faible rendement de la vigne et explique la qualit\u00e9 remarquable de ce vin.<br \/>\nGeorges DUBOEUF noue un partenariat depuis plus de 30 ans avec ce domaine et ach\u00e8te la majeure partie  de la production.<\/p>\n","protected":false},"excerpt":{"rendered":"<p>La famille SAINT MARTIN est une tr\u00e8s ancienne famille de la commune de Davay\u00e9. Cette belle propri\u00e9t\u00e9 a \u00e9t\u00e9 \u00e9tablie par le p\u00e8re de Paul SAINT MARTIN. Paul est d\u00e9c\u00e9d\u00e9 en 2003, aujourd&rsquo;hui c&rsquo;est sa fille Pascale qui g\u00e8re le Domaine. Deux m\u00e9tayers travaillent sur l&rsquo;exploitation en \u00e9troite collaboration avec elle. L&rsquo;\u00e2ge avanc\u00e9 des vignes [&hellip;]<\/p>\n","protected":false},"featured_media":120643,"template":"","meta":{"_acf_changed":false},"product_brand":[],"product_cat":[30],"product_tag":[],"region":[37],"aoc":[84],"couleur":[94],"gamme":[],"millesime":[],"collection":[151],"class_list":{"0":"post-120642","1":"product","2":"type-product","3":"status-publish","4":"has-post-thumbnail","6":"product_cat-fiche-technique","7":"region-vins-du-maconnais","8":"aoc-saint-veran","9":"couleur-blanc","10":"collection-domaines-chateaux","12":"first","13":"outofstock","14":"product-type-simple"},"acf":[],"_links":{"self":[{"href":"https:\/\/www.duboeuf.com\/fr\/wp-json\/wp\/v2\/product\/120642","targetHints":{"allow":["GET"]}}],"collection":[{"href":"https:\/\/www.duboeuf.com\/fr\/wp-json\/wp\/v2\/product"}],"about":[{"href":"https:\/\/www.duboeuf.com\/fr\/wp-json\/wp\/v2\/types\/product"}],"wp:featuredmedia":[{"embeddable":true,"href":"https:\/\/www.duboeuf.com\/fr\/wp-json\/wp\/v2\/media\/120643"}],"wp:attachment":[{"href":"https:\/\/www.duboeuf.com\/fr\/wp-json\/wp\/v2\/media?parent=120642"}],"wp:term":[{"taxonomy":"product_brand","embeddable":true,"href":"https:\/\/www.duboeuf.com\/fr\/wp-json\/wp\/v2\/product_brand?post=120642"},{"taxonomy":"product_cat","embeddable":true,"href":"https:\/\/www.duboeuf.com\/fr\/wp-json\/wp\/v2\/product_cat?post=120642"},{"taxonomy":"product_tag","embeddable":true,"href":"https:\/\/www.duboeuf.com\/fr\/wp-json\/wp\/v2\/product_tag?post=120642"},{"taxonomy":"region","embeddable":true,"href":"https:\/\/www.duboeuf.com\/fr\/wp-json\/wp\/v2\/region?post=120642"},{"taxonomy":"aoc","embeddable":true,"href":"https:\/\/www.duboeuf.com\/fr\/wp-json\/wp\/v2\/aoc?post=120642"},{"taxonomy":"couleur","embeddable":true,"href":"https:\/\/www.duboeuf.com\/fr\/wp-json\/wp\/v2\/couleur?post=120642"},{"taxonomy":"gamme","embeddable":true,"href":"https:\/\/www.duboeuf.com\/fr\/wp-json\/wp\/v2\/gamme?post=120642"},{"taxonomy":"millesime","embeddable":true,"href":"https:\/\/www.duboeuf.com\/fr\/wp-json\/wp\/v2\/millesime?post=120642"},{"taxonomy":"collection","embeddable":true,"href":"https:\/\/www.duboeuf.com\/fr\/wp-json\/wp\/v2\/collection?post=120642"}],"curies":[{"name":"wp","href":"https:\/\/api.w.org\/{rel}","templated":true}]}}