{"id":120860,"date":"2023-10-19T07:25:47","date_gmt":"2023-10-19T05:25:47","guid":{"rendered":"https:\/\/www.duboeuf.com\/?post_type=product&#038;p=120860"},"modified":"2024-06-26T10:45:05","modified_gmt":"2024-06-26T08:45:05","slug":"saint-amour-2022-lieu-dit-en-paradis","status":"publish","type":"product","link":"https:\/\/www.duboeuf.com\/fr\/e-boutique\/produit\/saint-amour-2022-lieu-dit-en-paradis\/","title":{"rendered":"Saint-Amour 2022 Lieu-Dit En Paradis"},"content":{"rendered":"<p>Robe brillante grenat profond. Ar\u00f4mes intenses de petits fruits noirs et rouges agr\u00e9ment\u00e9s de douces notes d&rsquo;\u00e9pices. Droit et franc, une texture friande, une pointe de vivacit\u00e9 qui donne de la fra\u00eecheur. R\u00e9ussi dans un style \u00e9pur\u00e9.<\/p>\n","protected":false},"excerpt":{"rendered":"<p>Robe brillante grenat profond. Ar\u00f4mes intenses de petits fruits noirs et rouges agr\u00e9ment\u00e9s de douces notes d&rsquo;\u00e9pices. Droit et franc, une texture friande, une pointe de vivacit\u00e9 qui donne de la fra\u00eecheur. R\u00e9ussi dans un style \u00e9pur\u00e9.<\/p>\n","protected":false},"featured_media":121820,"template":"","meta":{"_acf_changed":false},"product_brand":[],"product_cat":[29],"product_tag":[],"region":[33],"aoc":[60],"couleur":[92],"gamme":[],"millesime":[177],"collection":[152],"class_list":{"0":"post-120860","1":"product","2":"type-product","3":"status-publish","4":"has-post-thumbnail","6":"product_cat-produit","7":"region-vins-du-beaujolais","8":"aoc-saint-amour","9":"couleur-rouge","10":"millesime-177","11":"collection-lieux-dits","13":"first","14":"instock","15":"shipping-taxable","16":"purchasable","17":"product-type-simple"},"acf":[],"_links":{"self":[{"href":"https:\/\/www.duboeuf.com\/fr\/wp-json\/wp\/v2\/product\/120860","targetHints":{"allow":["GET"]}}],"collection":[{"href":"https:\/\/www.duboeuf.com\/fr\/wp-json\/wp\/v2\/product"}],"about":[{"href":"https:\/\/www.duboeuf.com\/fr\/wp-json\/wp\/v2\/types\/product"}],"wp:featuredmedia":[{"embeddable":true,"href":"https:\/\/www.duboeuf.com\/fr\/wp-json\/wp\/v2\/media\/121820"}],"wp:attachment":[{"href":"https:\/\/www.duboeuf.com\/fr\/wp-json\/wp\/v2\/media?parent=120860"}],"wp:term":[{"taxonomy":"product_brand","embeddable":true,"href":"https:\/\/www.duboeuf.com\/fr\/wp-json\/wp\/v2\/product_brand?post=120860"},{"taxonomy":"product_cat","embeddable":true,"href":"https:\/\/www.duboeuf.com\/fr\/wp-json\/wp\/v2\/product_cat?post=120860"},{"taxonomy":"product_tag","embeddable":true,"href":"https:\/\/www.duboeuf.com\/fr\/wp-json\/wp\/v2\/product_tag?post=120860"},{"taxonomy":"region","embeddable":true,"href":"https:\/\/www.duboeuf.com\/fr\/wp-json\/wp\/v2\/region?post=120860"},{"taxonomy":"aoc","embeddable":true,"href":"https:\/\/www.duboeuf.com\/fr\/wp-json\/wp\/v2\/aoc?post=120860"},{"taxonomy":"couleur","embeddable":true,"href":"https:\/\/www.duboeuf.com\/fr\/wp-json\/wp\/v2\/couleur?post=120860"},{"taxonomy":"gamme","embeddable":true,"href":"https:\/\/www.duboeuf.com\/fr\/wp-json\/wp\/v2\/gamme?post=120860"},{"taxonomy":"millesime","embeddable":true,"href":"https:\/\/www.duboeuf.com\/fr\/wp-json\/wp\/v2\/millesime?post=120860"},{"taxonomy":"collection","embeddable":true,"href":"https:\/\/www.duboeuf.com\/fr\/wp-json\/wp\/v2\/collection?post=120860"}],"curies":[{"name":"wp","href":"https:\/\/api.w.org\/{rel}","templated":true}]}}