{"id":122349,"date":"2024-04-02T22:42:05","date_gmt":"2024-04-02T20:42:05","guid":{"rendered":"https:\/\/www.duboeuf.com\/?post_type=product&#038;p=122349"},"modified":"2026-03-24T07:50:45","modified_gmt":"2026-03-24T06:50:45","slug":"beaujolais-2023-selection-georges-duboeuf","status":"publish","type":"product","link":"https:\/\/www.duboeuf.com\/fr\/e-boutique\/produit\/beaujolais-2023-selection-georges-duboeuf\/","title":{"rendered":"Beaujolais 2023 S\u00e9lection Georges Duboeuf"},"content":{"rendered":"<p>Commen\u00e7ons par le commencement. Le justement c\u00e9l\u00e8bre breuvage nomm\u00e9 Beaujolais repr\u00e9sente l&rsquo;alpha des vins de sa r\u00e9gion \u00e9ponyme situ\u00e9e entre Saint-Amour au nord et les avant-postes de Lyon au sud. Il doit son nom \u00e0 la maison des sires de Beaujeu du Moyen-Age. La trace du premier seigneur de Beaujeu appara\u00eet aux alentours de l&rsquo;an 950. <\/p>\n<p>Le vin rouge le plus connu de la plan\u00e8te est devenu un v\u00e9ritable symbole national et international. D\u00e9licieusement fruit\u00e9, franc et volubile comme un vieil ami qu&rsquo;on aime \u00e0 rencontrer, le Beaujolais est le vin de l&rsquo;amiti\u00e9. Tout simplement. Dans son terroir natal, c&rsquo;est le vin de l&rsquo;hospitalit\u00e9, de la \u00ab tass\u00e9e \u00bb entre ses vignerons au caract\u00e8re bon enfant et leurs h\u00f4tes. Ce vin a sans doute donn\u00e9 tout son sens au qualificatif \u00ab gouleyant \u00bb qui lui va si bien. Inimitable enfin, car c&rsquo;est seulement au coeur de son aire de production que le Gamay donne la pleine mesure de son charme.<\/p>\n","protected":false},"excerpt":{"rendered":"<p>Commen\u00e7ons par le commencement. Le justement c\u00e9l\u00e8bre breuvage nomm\u00e9 Beaujolais repr\u00e9sente l&rsquo;alpha des vins de sa r\u00e9gion \u00e9ponyme situ\u00e9e entre Saint-Amour au nord et les avant-postes de Lyon au sud. Il doit son nom \u00e0 la maison des sires de Beaujeu du Moyen-Age. La trace du premier seigneur de Beaujeu appara\u00eet aux alentours de l&rsquo;an [&hellip;]<\/p>\n","protected":false},"featured_media":122350,"template":"","meta":{"_acf_changed":false},"product_brand":[],"product_cat":[29],"product_tag":[],"region":[33],"aoc":[69],"couleur":[92],"gamme":[],"millesime":[184],"collection":[156],"class_list":{"0":"post-122349","1":"product","2":"type-product","3":"status-publish","4":"has-post-thumbnail","6":"product_cat-produit","7":"region-vins-du-beaujolais","8":"aoc-beaujolais","9":"couleur-rouge","10":"millesime-184","11":"collection-fleurs","13":"first","14":"instock","15":"shipping-taxable","16":"purchasable","17":"product-type-simple"},"acf":[],"_links":{"self":[{"href":"https:\/\/www.duboeuf.com\/fr\/wp-json\/wp\/v2\/product\/122349","targetHints":{"allow":["GET"]}}],"collection":[{"href":"https:\/\/www.duboeuf.com\/fr\/wp-json\/wp\/v2\/product"}],"about":[{"href":"https:\/\/www.duboeuf.com\/fr\/wp-json\/wp\/v2\/types\/product"}],"wp:featuredmedia":[{"embeddable":true,"href":"https:\/\/www.duboeuf.com\/fr\/wp-json\/wp\/v2\/media\/122350"}],"wp:attachment":[{"href":"https:\/\/www.duboeuf.com\/fr\/wp-json\/wp\/v2\/media?parent=122349"}],"wp:term":[{"taxonomy":"product_brand","embeddable":true,"href":"https:\/\/www.duboeuf.com\/fr\/wp-json\/wp\/v2\/product_brand?post=122349"},{"taxonomy":"product_cat","embeddable":true,"href":"https:\/\/www.duboeuf.com\/fr\/wp-json\/wp\/v2\/product_cat?post=122349"},{"taxonomy":"product_tag","embeddable":true,"href":"https:\/\/www.duboeuf.com\/fr\/wp-json\/wp\/v2\/product_tag?post=122349"},{"taxonomy":"region","embeddable":true,"href":"https:\/\/www.duboeuf.com\/fr\/wp-json\/wp\/v2\/region?post=122349"},{"taxonomy":"aoc","embeddable":true,"href":"https:\/\/www.duboeuf.com\/fr\/wp-json\/wp\/v2\/aoc?post=122349"},{"taxonomy":"couleur","embeddable":true,"href":"https:\/\/www.duboeuf.com\/fr\/wp-json\/wp\/v2\/couleur?post=122349"},{"taxonomy":"gamme","embeddable":true,"href":"https:\/\/www.duboeuf.com\/fr\/wp-json\/wp\/v2\/gamme?post=122349"},{"taxonomy":"millesime","embeddable":true,"href":"https:\/\/www.duboeuf.com\/fr\/wp-json\/wp\/v2\/millesime?post=122349"},{"taxonomy":"collection","embeddable":true,"href":"https:\/\/www.duboeuf.com\/fr\/wp-json\/wp\/v2\/collection?post=122349"}],"curies":[{"name":"wp","href":"https:\/\/api.w.org\/{rel}","templated":true}]}}