{"id":122755,"date":"2024-07-09T11:49:27","date_gmt":"2024-07-09T09:49:27","guid":{"rendered":"https:\/\/www.duboeuf.com\/?post_type=product&#038;p=122755"},"modified":"2026-04-21T15:50:55","modified_gmt":"2026-04-21T13:50:55","slug":"fleurie-2022-medaille-dor-concours-des-grands-vins-du-beaujolais","status":"publish","type":"product","link":"https:\/\/www.duboeuf.com\/fr\/e-boutique\/produit\/fleurie-2022-medaille-dor-concours-des-grands-vins-du-beaujolais\/","title":{"rendered":"Fleurie 2022 M\u00e9daille d&rsquo;Or Concours des Grands Vins du Beaujolais"},"content":{"rendered":"<p>Robe brillante pourpre. Le charme op\u00e8re d\u00e8s l&rsquo;olfaction avec un Gamay franc, au fruit primaire tr\u00e8s frais o\u00f9 se m\u00ealent de d\u00e9licates senteurs florales. Un joli grain, des tanins fins et \u00e9l\u00e9gants, une mati\u00e8re soyeuse et luxueuse, ce fleurie joue dans la cour des grands. Un coup de c\u0153ur, signant un style sobre et rac\u00e9, d\u00e9licatement \u00e9pic\u00e9.<\/p>\n","protected":false},"excerpt":{"rendered":"<p>Robe brillante pourpre. Le charme op\u00e8re d\u00e8s l&rsquo;olfaction avec un Gamay franc, au fruit primaire tr\u00e8s frais o\u00f9 se m\u00ealent de d\u00e9licates senteurs florales. Un joli grain, des tanins fins et \u00e9l\u00e9gants, une mati\u00e8re soyeuse et luxueuse, ce fleurie joue dans la cour des grands. Un coup de c\u0153ur, signant un style sobre et rac\u00e9, [&hellip;]<\/p>\n","protected":false},"featured_media":122756,"template":"","meta":{"_acf_changed":false},"product_brand":[],"product_cat":[29],"product_tag":[],"region":[33],"aoc":[73],"couleur":[92],"gamme":[],"millesime":[177],"collection":[156],"class_list":{"0":"post-122755","1":"product","2":"type-product","3":"status-publish","4":"has-post-thumbnail","6":"product_cat-produit","7":"region-vins-du-beaujolais","8":"aoc-fleurie","9":"couleur-rouge","10":"millesime-177","11":"collection-fleurs","13":"first","14":"instock","15":"shipping-taxable","16":"purchasable","17":"product-type-simple"},"acf":[],"_links":{"self":[{"href":"https:\/\/www.duboeuf.com\/fr\/wp-json\/wp\/v2\/product\/122755","targetHints":{"allow":["GET"]}}],"collection":[{"href":"https:\/\/www.duboeuf.com\/fr\/wp-json\/wp\/v2\/product"}],"about":[{"href":"https:\/\/www.duboeuf.com\/fr\/wp-json\/wp\/v2\/types\/product"}],"wp:featuredmedia":[{"embeddable":true,"href":"https:\/\/www.duboeuf.com\/fr\/wp-json\/wp\/v2\/media\/122756"}],"wp:attachment":[{"href":"https:\/\/www.duboeuf.com\/fr\/wp-json\/wp\/v2\/media?parent=122755"}],"wp:term":[{"taxonomy":"product_brand","embeddable":true,"href":"https:\/\/www.duboeuf.com\/fr\/wp-json\/wp\/v2\/product_brand?post=122755"},{"taxonomy":"product_cat","embeddable":true,"href":"https:\/\/www.duboeuf.com\/fr\/wp-json\/wp\/v2\/product_cat?post=122755"},{"taxonomy":"product_tag","embeddable":true,"href":"https:\/\/www.duboeuf.com\/fr\/wp-json\/wp\/v2\/product_tag?post=122755"},{"taxonomy":"region","embeddable":true,"href":"https:\/\/www.duboeuf.com\/fr\/wp-json\/wp\/v2\/region?post=122755"},{"taxonomy":"aoc","embeddable":true,"href":"https:\/\/www.duboeuf.com\/fr\/wp-json\/wp\/v2\/aoc?post=122755"},{"taxonomy":"couleur","embeddable":true,"href":"https:\/\/www.duboeuf.com\/fr\/wp-json\/wp\/v2\/couleur?post=122755"},{"taxonomy":"gamme","embeddable":true,"href":"https:\/\/www.duboeuf.com\/fr\/wp-json\/wp\/v2\/gamme?post=122755"},{"taxonomy":"millesime","embeddable":true,"href":"https:\/\/www.duboeuf.com\/fr\/wp-json\/wp\/v2\/millesime?post=122755"},{"taxonomy":"collection","embeddable":true,"href":"https:\/\/www.duboeuf.com\/fr\/wp-json\/wp\/v2\/collection?post=122755"}],"curies":[{"name":"wp","href":"https:\/\/api.w.org\/{rel}","templated":true}]}}