{"id":122758,"date":"2024-07-09T11:49:27","date_gmt":"2024-07-09T09:49:27","guid":{"rendered":"https:\/\/www.duboeuf.com\/?post_type=product&#038;p=122758"},"modified":"2026-03-24T07:50:51","modified_gmt":"2026-03-24T06:50:51","slug":"morgon-2022-medaille-dor-concours-general-agricole-de-paris-2023","status":"publish","type":"product","link":"https:\/\/www.duboeuf.com\/fr\/e-boutique\/produit\/morgon-2022-medaille-dor-concours-general-agricole-de-paris-2023\/","title":{"rendered":"Morgon 2022 Medaille d&rsquo;Or Concours G\u00e9n\u00e9ral Agricole de Paris 2023"},"content":{"rendered":"<p>Coup de c\u0153ur pour cette splendide cuv\u00e9e ! Maturit\u00e9 optimale des raisins, mac\u00e9ration d&rsquo;une quinzaine de jours en grappes enti\u00e8res sont ici \u00e0 l&rsquo;\u0153uvre ! Une v\u00e9ritable corbeille de fruits noirs gorg\u00e9s de soleil (m\u00fbre, cassis, myrtille) qui s&rsquo;orne de senteurs d&rsquo;\u00e9pices (baies de poivre) et de parfums kirsch\u00e9s. Puissante et soyeuse, la bouche offre une richesse de structure avec un grain de tanins \u00e9l\u00e9gant et merveilleusement velout\u00e9. Ce Morgon refl\u00e8te parfaitement l&rsquo;expression \u00abune main de fer dans un gant de velours\u00bb.<\/p>\n","protected":false},"excerpt":{"rendered":"<p>Coup de c\u0153ur pour cette splendide cuv\u00e9e ! Maturit\u00e9 optimale des raisins, mac\u00e9ration d&rsquo;une quinzaine de jours en grappes enti\u00e8res sont ici \u00e0 l&rsquo;\u0153uvre ! Une v\u00e9ritable corbeille de fruits noirs gorg\u00e9s de soleil (m\u00fbre, cassis, myrtille) qui s&rsquo;orne de senteurs d&rsquo;\u00e9pices (baies de poivre) et de parfums kirsch\u00e9s. Puissante et soyeuse, la bouche offre [&hellip;]<\/p>\n","protected":false},"featured_media":122759,"template":"","meta":{"_acf_changed":false},"product_brand":[],"product_cat":[29],"product_tag":[],"region":[33],"aoc":[74],"couleur":[92],"gamme":[],"millesime":[177],"collection":[156],"class_list":{"0":"post-122758","1":"product","2":"type-product","3":"status-publish","4":"has-post-thumbnail","6":"product_cat-produit","7":"region-vins-du-beaujolais","8":"aoc-morgon","9":"couleur-rouge","10":"millesime-177","11":"collection-fleurs","13":"first","14":"instock","15":"shipping-taxable","16":"purchasable","17":"product-type-simple"},"acf":[],"_links":{"self":[{"href":"https:\/\/www.duboeuf.com\/fr\/wp-json\/wp\/v2\/product\/122758","targetHints":{"allow":["GET"]}}],"collection":[{"href":"https:\/\/www.duboeuf.com\/fr\/wp-json\/wp\/v2\/product"}],"about":[{"href":"https:\/\/www.duboeuf.com\/fr\/wp-json\/wp\/v2\/types\/product"}],"wp:featuredmedia":[{"embeddable":true,"href":"https:\/\/www.duboeuf.com\/fr\/wp-json\/wp\/v2\/media\/122759"}],"wp:attachment":[{"href":"https:\/\/www.duboeuf.com\/fr\/wp-json\/wp\/v2\/media?parent=122758"}],"wp:term":[{"taxonomy":"product_brand","embeddable":true,"href":"https:\/\/www.duboeuf.com\/fr\/wp-json\/wp\/v2\/product_brand?post=122758"},{"taxonomy":"product_cat","embeddable":true,"href":"https:\/\/www.duboeuf.com\/fr\/wp-json\/wp\/v2\/product_cat?post=122758"},{"taxonomy":"product_tag","embeddable":true,"href":"https:\/\/www.duboeuf.com\/fr\/wp-json\/wp\/v2\/product_tag?post=122758"},{"taxonomy":"region","embeddable":true,"href":"https:\/\/www.duboeuf.com\/fr\/wp-json\/wp\/v2\/region?post=122758"},{"taxonomy":"aoc","embeddable":true,"href":"https:\/\/www.duboeuf.com\/fr\/wp-json\/wp\/v2\/aoc?post=122758"},{"taxonomy":"couleur","embeddable":true,"href":"https:\/\/www.duboeuf.com\/fr\/wp-json\/wp\/v2\/couleur?post=122758"},{"taxonomy":"gamme","embeddable":true,"href":"https:\/\/www.duboeuf.com\/fr\/wp-json\/wp\/v2\/gamme?post=122758"},{"taxonomy":"millesime","embeddable":true,"href":"https:\/\/www.duboeuf.com\/fr\/wp-json\/wp\/v2\/millesime?post=122758"},{"taxonomy":"collection","embeddable":true,"href":"https:\/\/www.duboeuf.com\/fr\/wp-json\/wp\/v2\/collection?post=122758"}],"curies":[{"name":"wp","href":"https:\/\/api.w.org\/{rel}","templated":true}]}}