{"id":123149,"date":"2024-10-18T12:06:01","date_gmt":"2024-10-18T10:06:01","guid":{"rendered":"https:\/\/www.duboeuf.com\/?post_type=product&#038;p=123149"},"modified":"2026-04-21T15:51:03","modified_gmt":"2026-04-21T13:51:03","slug":"pouilly-fuisse-2022-bois-rosier","status":"publish","type":"product","link":"https:\/\/www.duboeuf.com\/fr\/e-boutique\/produit\/pouilly-fuisse-2022-bois-rosier\/","title":{"rendered":"Pouilly-Fuisse 2022 Bois Rosier"},"content":{"rendered":"<p>Robe \u00e9tincelante d&rsquo;une couleur or p\u00e2le aux reflets dor\u00e9s. Une palette aromatique d&rsquo;une s\u00e9duisante typicit\u00e9 Chardonnay aux senteurs de fleurs blanches, de poire fra\u00eechement cueillie dans le verger m\u00eal\u00e9es \u00e0 un zeste de citron confit. Une bouche \u00e9quilibr\u00e9e avec de l&rsquo;onctuosit\u00e9 bien soulign\u00e9e par une fine vivacit\u00e9. Accord gourmand avec une quenelle de brochet et sa sauce homardine.<\/p>\n","protected":false},"excerpt":{"rendered":"<p>Robe \u00e9tincelante d&rsquo;une couleur or p\u00e2le aux reflets dor\u00e9s. Une palette aromatique d&rsquo;une s\u00e9duisante typicit\u00e9 Chardonnay aux senteurs de fleurs blanches, de poire fra\u00eechement cueillie dans le verger m\u00eal\u00e9es \u00e0 un zeste de citron confit. Une bouche \u00e9quilibr\u00e9e avec de l&rsquo;onctuosit\u00e9 bien soulign\u00e9e par une fine vivacit\u00e9. Accord gourmand avec une quenelle de brochet et [&hellip;]<\/p>\n","protected":false},"featured_media":123150,"template":"","meta":{"_acf_changed":false},"product_brand":[],"product_cat":[29],"product_tag":[],"region":[37],"aoc":[83],"couleur":[94],"gamme":[],"millesime":[177],"collection":[],"class_list":{"0":"post-123149","1":"product","2":"type-product","3":"status-publish","4":"has-post-thumbnail","6":"product_cat-produit","7":"region-vins-du-maconnais","8":"aoc-pouilly-fuisse","9":"couleur-blanc","10":"millesime-177","12":"first","13":"instock","14":"shipping-taxable","15":"purchasable","16":"product-type-simple"},"acf":[],"_links":{"self":[{"href":"https:\/\/www.duboeuf.com\/fr\/wp-json\/wp\/v2\/product\/123149","targetHints":{"allow":["GET"]}}],"collection":[{"href":"https:\/\/www.duboeuf.com\/fr\/wp-json\/wp\/v2\/product"}],"about":[{"href":"https:\/\/www.duboeuf.com\/fr\/wp-json\/wp\/v2\/types\/product"}],"wp:featuredmedia":[{"embeddable":true,"href":"https:\/\/www.duboeuf.com\/fr\/wp-json\/wp\/v2\/media\/123150"}],"wp:attachment":[{"href":"https:\/\/www.duboeuf.com\/fr\/wp-json\/wp\/v2\/media?parent=123149"}],"wp:term":[{"taxonomy":"product_brand","embeddable":true,"href":"https:\/\/www.duboeuf.com\/fr\/wp-json\/wp\/v2\/product_brand?post=123149"},{"taxonomy":"product_cat","embeddable":true,"href":"https:\/\/www.duboeuf.com\/fr\/wp-json\/wp\/v2\/product_cat?post=123149"},{"taxonomy":"product_tag","embeddable":true,"href":"https:\/\/www.duboeuf.com\/fr\/wp-json\/wp\/v2\/product_tag?post=123149"},{"taxonomy":"region","embeddable":true,"href":"https:\/\/www.duboeuf.com\/fr\/wp-json\/wp\/v2\/region?post=123149"},{"taxonomy":"aoc","embeddable":true,"href":"https:\/\/www.duboeuf.com\/fr\/wp-json\/wp\/v2\/aoc?post=123149"},{"taxonomy":"couleur","embeddable":true,"href":"https:\/\/www.duboeuf.com\/fr\/wp-json\/wp\/v2\/couleur?post=123149"},{"taxonomy":"gamme","embeddable":true,"href":"https:\/\/www.duboeuf.com\/fr\/wp-json\/wp\/v2\/gamme?post=123149"},{"taxonomy":"millesime","embeddable":true,"href":"https:\/\/www.duboeuf.com\/fr\/wp-json\/wp\/v2\/millesime?post=123149"},{"taxonomy":"collection","embeddable":true,"href":"https:\/\/www.duboeuf.com\/fr\/wp-json\/wp\/v2\/collection?post=123149"}],"curies":[{"name":"wp","href":"https:\/\/api.w.org\/{rel}","templated":true}]}}