{"id":123152,"date":"2024-10-18T12:06:01","date_gmt":"2024-10-18T10:06:01","guid":{"rendered":"https:\/\/www.duboeuf.com\/?post_type=product&#038;p=123152"},"modified":"2026-03-24T07:50:56","modified_gmt":"2026-03-24T06:50:56","slug":"saint-veran-2022-au-clos-domaine-st-martin","status":"publish","type":"product","link":"https:\/\/www.duboeuf.com\/fr\/e-boutique\/produit\/saint-veran-2022-au-clos-domaine-st-martin\/","title":{"rendered":"Saint-Veran 2022 Au Clos Domaine St Martin"},"content":{"rendered":"<p>La famille SAINT MARTIN est une tr\u00e8s ancienne famille de la commune de Davay\u00e9.<br \/>\nCette belle propri\u00e9t\u00e9 a \u00e9t\u00e9 \u00e9tablie par le p\u00e8re de Paul SAINT MARTIN.<br \/>\nPaul est d\u00e9c\u00e9d\u00e9 en 2003, aujourd&rsquo;hui c&rsquo;est sa fille Pascale qui g\u00e8re le Domaine. Deux m\u00e9tayers travaillent sur l&rsquo;exploitation en \u00e9troite collaboration avec elle.<br \/>\nGeorges DUBOEUF noue un partenariat depuis plus de 30 ans avec ce domaine et ach\u00e8te la majeure partie  de la production.<\/p>\n<p>Ce clos est expos\u00e9 plein sud. L&rsquo;\u00e2ge moyen des vignes est de 70 ans, avec une plantation de 15 ans, alors que la vigne la plus \u00e2g\u00e9e a 80 ans.<\/p>\n","protected":false},"excerpt":{"rendered":"<p>La famille SAINT MARTIN est une tr\u00e8s ancienne famille de la commune de Davay\u00e9. Cette belle propri\u00e9t\u00e9 a \u00e9t\u00e9 \u00e9tablie par le p\u00e8re de Paul SAINT MARTIN. Paul est d\u00e9c\u00e9d\u00e9 en 2003, aujourd&rsquo;hui c&rsquo;est sa fille Pascale qui g\u00e8re le Domaine. Deux m\u00e9tayers travaillent sur l&rsquo;exploitation en \u00e9troite collaboration avec elle. Georges DUBOEUF noue un [&hellip;]<\/p>\n","protected":false},"featured_media":120692,"template":"","meta":{"_acf_changed":false},"product_brand":[],"product_cat":[29],"product_tag":[],"region":[37],"aoc":[84],"couleur":[94],"gamme":[],"millesime":[177],"collection":[151],"class_list":{"0":"post-123152","1":"product","2":"type-product","3":"status-publish","4":"has-post-thumbnail","6":"product_cat-produit","7":"region-vins-du-maconnais","8":"aoc-saint-veran","9":"couleur-blanc","10":"millesime-177","11":"collection-domaines-chateaux","13":"first","14":"instock","15":"shipping-taxable","16":"purchasable","17":"product-type-simple"},"acf":[],"_links":{"self":[{"href":"https:\/\/www.duboeuf.com\/fr\/wp-json\/wp\/v2\/product\/123152","targetHints":{"allow":["GET"]}}],"collection":[{"href":"https:\/\/www.duboeuf.com\/fr\/wp-json\/wp\/v2\/product"}],"about":[{"href":"https:\/\/www.duboeuf.com\/fr\/wp-json\/wp\/v2\/types\/product"}],"wp:featuredmedia":[{"embeddable":true,"href":"https:\/\/www.duboeuf.com\/fr\/wp-json\/wp\/v2\/media\/120692"}],"wp:attachment":[{"href":"https:\/\/www.duboeuf.com\/fr\/wp-json\/wp\/v2\/media?parent=123152"}],"wp:term":[{"taxonomy":"product_brand","embeddable":true,"href":"https:\/\/www.duboeuf.com\/fr\/wp-json\/wp\/v2\/product_brand?post=123152"},{"taxonomy":"product_cat","embeddable":true,"href":"https:\/\/www.duboeuf.com\/fr\/wp-json\/wp\/v2\/product_cat?post=123152"},{"taxonomy":"product_tag","embeddable":true,"href":"https:\/\/www.duboeuf.com\/fr\/wp-json\/wp\/v2\/product_tag?post=123152"},{"taxonomy":"region","embeddable":true,"href":"https:\/\/www.duboeuf.com\/fr\/wp-json\/wp\/v2\/region?post=123152"},{"taxonomy":"aoc","embeddable":true,"href":"https:\/\/www.duboeuf.com\/fr\/wp-json\/wp\/v2\/aoc?post=123152"},{"taxonomy":"couleur","embeddable":true,"href":"https:\/\/www.duboeuf.com\/fr\/wp-json\/wp\/v2\/couleur?post=123152"},{"taxonomy":"gamme","embeddable":true,"href":"https:\/\/www.duboeuf.com\/fr\/wp-json\/wp\/v2\/gamme?post=123152"},{"taxonomy":"millesime","embeddable":true,"href":"https:\/\/www.duboeuf.com\/fr\/wp-json\/wp\/v2\/millesime?post=123152"},{"taxonomy":"collection","embeddable":true,"href":"https:\/\/www.duboeuf.com\/fr\/wp-json\/wp\/v2\/collection?post=123152"}],"curies":[{"name":"wp","href":"https:\/\/api.w.org\/{rel}","templated":true}]}}