{"id":123862,"date":"2025-03-31T09:16:34","date_gmt":"2025-03-31T07:16:34","guid":{"rendered":"https:\/\/www.duboeuf.com\/?post_type=product&#038;p=123862"},"modified":"2026-04-21T15:51:04","modified_gmt":"2026-04-21T13:51:04","slug":"chiroubles-2024-domaine-des-petites-violettes","status":"publish","type":"product","link":"https:\/\/www.duboeuf.com\/fr\/e-boutique\/produit\/chiroubles-2024-domaine-des-petites-violettes\/","title":{"rendered":"Chiroubles 2024 Domaine Des Petites Violettes"},"content":{"rendered":"<p>Issu d&rsquo;une famille de vignerons depuis 6 g\u00e9n\u00e9rations, Christophe SAVOYE poss\u00e8de 16 hectares de vignes. Il a fait certifier son domaine du label Haute Valeur environnementale depuis d\u00e9but 2019. Ceci atteste que les \u00e9l\u00e9ments de biodiversit\u00e9 sont tr\u00e8s largement pr\u00e9sents sur son exploitation et qu&rsquo;il diminue la pression des pratiques agricoles.<\/p>\n<p>Exposition des vignes : sud, sud-est.<br \/>\nAge moyen des vignes : 60 ans, avec rendement de 45 hl\/hectare.<br \/>\nCulture : Vendange manuelle. Respect de l&rsquo;environnement et agriculture raisonn\u00e9e.<br \/>\nVinification : fermentation semi-carbonique, dur\u00e9e 8 \u00e0 10 jours pour garder le fruit.<\/p>\n<p>Conseil de conservation : 3 \u00e0 5 ans pour garder la fra\u00eecheur et la finesse.<\/p>\n","protected":false},"excerpt":{"rendered":"<p>Issu d&rsquo;une famille de vignerons depuis 6 g\u00e9n\u00e9rations, Christophe SAVOYE poss\u00e8de 16 hectares de vignes. Il a fait certifier son domaine du label Haute Valeur environnementale depuis d\u00e9but 2019. Ceci atteste que les \u00e9l\u00e9ments de biodiversit\u00e9 sont tr\u00e8s largement pr\u00e9sents sur son exploitation et qu&rsquo;il diminue la pression des pratiques agricoles. Exposition des vignes : [&hellip;]<\/p>\n","protected":false},"featured_media":123863,"template":"","meta":{"_acf_changed":false},"product_brand":[],"product_cat":[29],"product_tag":[],"region":[33],"aoc":[77],"couleur":[92],"gamme":[],"millesime":[192],"collection":[151],"class_list":{"0":"post-123862","1":"product","2":"type-product","3":"status-publish","4":"has-post-thumbnail","6":"product_cat-produit","7":"region-vins-du-beaujolais","8":"aoc-chiroubles","9":"couleur-rouge","10":"millesime-192","11":"collection-domaines-chateaux","13":"first","14":"instock","15":"shipping-taxable","16":"purchasable","17":"product-type-simple"},"acf":[],"_links":{"self":[{"href":"https:\/\/www.duboeuf.com\/fr\/wp-json\/wp\/v2\/product\/123862","targetHints":{"allow":["GET"]}}],"collection":[{"href":"https:\/\/www.duboeuf.com\/fr\/wp-json\/wp\/v2\/product"}],"about":[{"href":"https:\/\/www.duboeuf.com\/fr\/wp-json\/wp\/v2\/types\/product"}],"wp:featuredmedia":[{"embeddable":true,"href":"https:\/\/www.duboeuf.com\/fr\/wp-json\/wp\/v2\/media\/123863"}],"wp:attachment":[{"href":"https:\/\/www.duboeuf.com\/fr\/wp-json\/wp\/v2\/media?parent=123862"}],"wp:term":[{"taxonomy":"product_brand","embeddable":true,"href":"https:\/\/www.duboeuf.com\/fr\/wp-json\/wp\/v2\/product_brand?post=123862"},{"taxonomy":"product_cat","embeddable":true,"href":"https:\/\/www.duboeuf.com\/fr\/wp-json\/wp\/v2\/product_cat?post=123862"},{"taxonomy":"product_tag","embeddable":true,"href":"https:\/\/www.duboeuf.com\/fr\/wp-json\/wp\/v2\/product_tag?post=123862"},{"taxonomy":"region","embeddable":true,"href":"https:\/\/www.duboeuf.com\/fr\/wp-json\/wp\/v2\/region?post=123862"},{"taxonomy":"aoc","embeddable":true,"href":"https:\/\/www.duboeuf.com\/fr\/wp-json\/wp\/v2\/aoc?post=123862"},{"taxonomy":"couleur","embeddable":true,"href":"https:\/\/www.duboeuf.com\/fr\/wp-json\/wp\/v2\/couleur?post=123862"},{"taxonomy":"gamme","embeddable":true,"href":"https:\/\/www.duboeuf.com\/fr\/wp-json\/wp\/v2\/gamme?post=123862"},{"taxonomy":"millesime","embeddable":true,"href":"https:\/\/www.duboeuf.com\/fr\/wp-json\/wp\/v2\/millesime?post=123862"},{"taxonomy":"collection","embeddable":true,"href":"https:\/\/www.duboeuf.com\/fr\/wp-json\/wp\/v2\/collection?post=123862"}],"curies":[{"name":"wp","href":"https:\/\/api.w.org\/{rel}","templated":true}]}}