{"id":123880,"date":"2025-03-31T09:17:10","date_gmt":"2025-03-31T07:17:10","guid":{"rendered":"https:\/\/www.duboeuf.com\/?post_type=product&#038;p=123880"},"modified":"2026-04-21T15:51:05","modified_gmt":"2026-04-21T13:51:05","slug":"macon-villages-blanc-2023-domaine-les-chenevieres","status":"publish","type":"product","link":"https:\/\/www.duboeuf.com\/fr\/e-boutique\/produit\/macon-villages-blanc-2023-domaine-les-chenevieres\/","title":{"rendered":"M\u00e2con-Villages Blanc 2023 Domaine Les Chenevi\u00e8res"},"content":{"rendered":"<p>Dans la famille LENOIR on est vigneron de p\u00e8re en fils depuis plus de cinq g\u00e9n\u00e9rations. Le domaine est situ\u00e9 \u00e0 Saint-Maurice de Satonnay (13 km au nord de M\u00e2con), il est r\u00e9put\u00e9 pour la grande qualit\u00e9 de ses M\u00e2con-Villages. Une partie de la demeure typiquement m\u00e2connaise a \u00e9t\u00e9 construite il y a au moins 300 ans.<\/p>\n<p>Age moyen des vignes : 40 ans.<\/p>\n<p>M\u00e9thodes de culture : travail des sols avec une grande partie d&rsquo;enherbement. Ebourgeonnage important pour la gestion des rendements.<\/p>\n<p>Ramassage m\u00e9canique.<\/p>\n<p>Vinification et \u00e9levage : pressurage pneumatique, fermentation alcoolique en cuves inox (60 %) et b\u00e9ton (40 %) avec contr\u00f4le des temp\u00e9ratures. Elevage sur lies fines.<\/p>\n","protected":false},"excerpt":{"rendered":"<p>Dans la famille LENOIR on est vigneron de p\u00e8re en fils depuis plus de cinq g\u00e9n\u00e9rations. Le domaine est situ\u00e9 \u00e0 Saint-Maurice de Satonnay (13 km au nord de M\u00e2con), il est r\u00e9put\u00e9 pour la grande qualit\u00e9 de ses M\u00e2con-Villages. Une partie de la demeure typiquement m\u00e2connaise a \u00e9t\u00e9 construite il y a au moins [&hellip;]<\/p>\n","protected":false},"featured_media":123881,"template":"","meta":{"_acf_changed":false},"product_brand":[],"product_cat":[29],"product_tag":[],"region":[37],"aoc":[81],"couleur":[94],"gamme":[],"millesime":[184],"collection":[151],"class_list":{"0":"post-123880","1":"product","2":"type-product","3":"status-publish","4":"has-post-thumbnail","6":"product_cat-produit","7":"region-vins-du-maconnais","8":"aoc-macon-villages-blanc","9":"couleur-blanc","10":"millesime-184","11":"collection-domaines-chateaux","13":"first","14":"instock","15":"shipping-taxable","16":"purchasable","17":"product-type-simple"},"acf":[],"_links":{"self":[{"href":"https:\/\/www.duboeuf.com\/fr\/wp-json\/wp\/v2\/product\/123880","targetHints":{"allow":["GET"]}}],"collection":[{"href":"https:\/\/www.duboeuf.com\/fr\/wp-json\/wp\/v2\/product"}],"about":[{"href":"https:\/\/www.duboeuf.com\/fr\/wp-json\/wp\/v2\/types\/product"}],"wp:featuredmedia":[{"embeddable":true,"href":"https:\/\/www.duboeuf.com\/fr\/wp-json\/wp\/v2\/media\/123881"}],"wp:attachment":[{"href":"https:\/\/www.duboeuf.com\/fr\/wp-json\/wp\/v2\/media?parent=123880"}],"wp:term":[{"taxonomy":"product_brand","embeddable":true,"href":"https:\/\/www.duboeuf.com\/fr\/wp-json\/wp\/v2\/product_brand?post=123880"},{"taxonomy":"product_cat","embeddable":true,"href":"https:\/\/www.duboeuf.com\/fr\/wp-json\/wp\/v2\/product_cat?post=123880"},{"taxonomy":"product_tag","embeddable":true,"href":"https:\/\/www.duboeuf.com\/fr\/wp-json\/wp\/v2\/product_tag?post=123880"},{"taxonomy":"region","embeddable":true,"href":"https:\/\/www.duboeuf.com\/fr\/wp-json\/wp\/v2\/region?post=123880"},{"taxonomy":"aoc","embeddable":true,"href":"https:\/\/www.duboeuf.com\/fr\/wp-json\/wp\/v2\/aoc?post=123880"},{"taxonomy":"couleur","embeddable":true,"href":"https:\/\/www.duboeuf.com\/fr\/wp-json\/wp\/v2\/couleur?post=123880"},{"taxonomy":"gamme","embeddable":true,"href":"https:\/\/www.duboeuf.com\/fr\/wp-json\/wp\/v2\/gamme?post=123880"},{"taxonomy":"millesime","embeddable":true,"href":"https:\/\/www.duboeuf.com\/fr\/wp-json\/wp\/v2\/millesime?post=123880"},{"taxonomy":"collection","embeddable":true,"href":"https:\/\/www.duboeuf.com\/fr\/wp-json\/wp\/v2\/collection?post=123880"}],"curies":[{"name":"wp","href":"https:\/\/api.w.org\/{rel}","templated":true}]}}