{"id":123883,"date":"2025-03-31T09:17:50","date_gmt":"2025-03-31T07:17:50","guid":{"rendered":"https:\/\/www.duboeuf.com\/?post_type=product&#038;p=123883"},"modified":"2026-04-21T15:50:40","modified_gmt":"2026-04-21T13:50:40","slug":"pouilly-fuisse-2022-domaine-beranger","status":"publish","type":"product","link":"https:\/\/www.duboeuf.com\/fr\/e-boutique\/produit\/pouilly-fuisse-2022-domaine-beranger\/","title":{"rendered":"Pouilly-Fuiss\u00e9 2022 Domaine B\u00e9ranger"},"content":{"rendered":"<p>Robe brillante or dor\u00e9 intense. Ce Pouilly-Fuiss\u00e9 offre richesse et complexit\u00e9 aromatique : senteurs de pain grill\u00e9, de noisette et de fruits secs toast\u00e9s. Il se distingue par une texture charnue et cr\u00e9meuse, offrant une sensation ample et g\u00e9n\u00e9reuse. Une longueur remarquable. Un vin d\u2019une grande \u00e9l\u00e9gance, puissant et raffin\u00e9. Coup de c\u0153ur !<\/p>\n","protected":false},"excerpt":{"rendered":"<p>Robe brillante or dor\u00e9 intense. Ce Pouilly-Fuiss\u00e9 offre richesse et complexit\u00e9 aromatique : senteurs de pain grill\u00e9, de noisette et de fruits secs toast\u00e9s. Il se distingue par une texture charnue et cr\u00e9meuse, offrant une sensation ample et g\u00e9n\u00e9reuse. Une longueur remarquable. Un vin d\u2019une grande \u00e9l\u00e9gance, puissant et raffin\u00e9. Coup de c\u0153ur !<\/p>\n","protected":false},"featured_media":123884,"template":"","meta":{"_acf_changed":false},"product_brand":[],"product_cat":[29],"product_tag":[],"region":[37],"aoc":[83],"couleur":[94],"gamme":[],"millesime":[177],"collection":[151],"class_list":{"0":"post-123883","1":"product","2":"type-product","3":"status-publish","4":"has-post-thumbnail","6":"product_cat-produit","7":"region-vins-du-maconnais","8":"aoc-pouilly-fuisse","9":"couleur-blanc","10":"millesime-177","11":"collection-domaines-chateaux","13":"first","14":"instock","15":"shipping-taxable","16":"purchasable","17":"product-type-simple"},"acf":[],"_links":{"self":[{"href":"https:\/\/www.duboeuf.com\/fr\/wp-json\/wp\/v2\/product\/123883","targetHints":{"allow":["GET"]}}],"collection":[{"href":"https:\/\/www.duboeuf.com\/fr\/wp-json\/wp\/v2\/product"}],"about":[{"href":"https:\/\/www.duboeuf.com\/fr\/wp-json\/wp\/v2\/types\/product"}],"wp:featuredmedia":[{"embeddable":true,"href":"https:\/\/www.duboeuf.com\/fr\/wp-json\/wp\/v2\/media\/123884"}],"wp:attachment":[{"href":"https:\/\/www.duboeuf.com\/fr\/wp-json\/wp\/v2\/media?parent=123883"}],"wp:term":[{"taxonomy":"product_brand","embeddable":true,"href":"https:\/\/www.duboeuf.com\/fr\/wp-json\/wp\/v2\/product_brand?post=123883"},{"taxonomy":"product_cat","embeddable":true,"href":"https:\/\/www.duboeuf.com\/fr\/wp-json\/wp\/v2\/product_cat?post=123883"},{"taxonomy":"product_tag","embeddable":true,"href":"https:\/\/www.duboeuf.com\/fr\/wp-json\/wp\/v2\/product_tag?post=123883"},{"taxonomy":"region","embeddable":true,"href":"https:\/\/www.duboeuf.com\/fr\/wp-json\/wp\/v2\/region?post=123883"},{"taxonomy":"aoc","embeddable":true,"href":"https:\/\/www.duboeuf.com\/fr\/wp-json\/wp\/v2\/aoc?post=123883"},{"taxonomy":"couleur","embeddable":true,"href":"https:\/\/www.duboeuf.com\/fr\/wp-json\/wp\/v2\/couleur?post=123883"},{"taxonomy":"gamme","embeddable":true,"href":"https:\/\/www.duboeuf.com\/fr\/wp-json\/wp\/v2\/gamme?post=123883"},{"taxonomy":"millesime","embeddable":true,"href":"https:\/\/www.duboeuf.com\/fr\/wp-json\/wp\/v2\/millesime?post=123883"},{"taxonomy":"collection","embeddable":true,"href":"https:\/\/www.duboeuf.com\/fr\/wp-json\/wp\/v2\/collection?post=123883"}],"curies":[{"name":"wp","href":"https:\/\/api.w.org\/{rel}","templated":true}]}}