{"id":124661,"date":"2025-10-17T10:17:32","date_gmt":"2025-10-17T08:17:32","guid":{"rendered":"https:\/\/www.duboeuf.com\/?post_type=product&#038;p=124661"},"modified":"2026-04-21T15:51:06","modified_gmt":"2026-04-21T13:51:06","slug":"morgon-domaine-jean-ernest-descombes-2021-cote-du-py","status":"publish","type":"product","link":"https:\/\/www.duboeuf.com\/fr\/e-boutique\/produit\/morgon-domaine-jean-ernest-descombes-2021-cote-du-py\/","title":{"rendered":"Morgon Domaine Jean Ernest Descombes 2021 C\u00f4te Du Py"},"content":{"rendered":"<p>L&rsquo;histoire d&rsquo;un vin rejoint parfois tr\u00e8s intimement celle d&rsquo;un homme. Jean-Ernest DESCOMBES \u00e9tait une figure tr\u00e8s sympathique de notre pays Beaujolais, quelqu&rsquo;un de joyeux, toujours pr\u00eat \u00e0 faire la f\u00eate. Il avait r\u00e9ussi \u00e0 cr\u00e9er un des plus beaux domaines de Morgon, cru auquel il a vou\u00e9 une promotion intensive pendant une trentaine d&rsquo;ann\u00e9es. Son caveau tr\u00e8s chaleureux a re\u00e7u la visite de nombreux journalistes, ainsi que des professionnels du vin, pour y savourer de grands flacons. Aujourd&rsquo;hui c&rsquo;est sa fille Nicole qui a repris le flambeau, avec un dynamisme qui aurait fait chaud au coeur de son papa. A son sujet, elle n&rsquo;h\u00e9site pas \u00e0 dire que le vin ressemble toujours \u00e0 celui qui l&rsquo;a fait.<\/p>\n<p>Vigneron hors pair, Jean-Ernest DESCOMBES \u00e9tait aussi un vinificateur dou\u00e9. Ses vignes sont plant\u00e9es dans les meilleurs terroirs, notamment celui de la C\u00f4te du Py, colline d&rsquo;origine \u00e9ruptive : une particularit\u00e9 locale qui tr\u00f4ne au coeur de l&rsquo;appellation Morgon. Ce sol tr\u00e8s profond et tr\u00e8s drainant pemet au gamay de m\u00fbrir et de s&rsquo;\u00e9panouir dans des conditions id\u00e9ales.<\/p>\n<p>.<\/p>\n","protected":false},"excerpt":{"rendered":"<p>L&rsquo;histoire d&rsquo;un vin rejoint parfois tr\u00e8s intimement celle d&rsquo;un homme. Jean-Ernest DESCOMBES \u00e9tait une figure tr\u00e8s sympathique de notre pays Beaujolais, quelqu&rsquo;un de joyeux, toujours pr\u00eat \u00e0 faire la f\u00eate. Il avait r\u00e9ussi \u00e0 cr\u00e9er un des plus beaux domaines de Morgon, cru auquel il a vou\u00e9 une promotion intensive pendant une trentaine d&rsquo;ann\u00e9es. Son [&hellip;]<\/p>\n","protected":false},"featured_media":2872,"template":"","meta":{"_acf_changed":false},"product_brand":[],"product_cat":[29],"product_tag":[],"region":[33],"aoc":[74],"couleur":[92],"gamme":[],"millesime":[35],"collection":[152],"class_list":{"0":"post-124661","1":"product","2":"type-product","3":"status-publish","4":"has-post-thumbnail","6":"product_cat-produit","7":"region-vins-du-beaujolais","8":"aoc-morgon","9":"couleur-rouge","10":"millesime-35","11":"collection-lieux-dits","13":"first","14":"instock","15":"shipping-taxable","16":"purchasable","17":"product-type-simple"},"acf":[],"_links":{"self":[{"href":"https:\/\/www.duboeuf.com\/fr\/wp-json\/wp\/v2\/product\/124661","targetHints":{"allow":["GET"]}}],"collection":[{"href":"https:\/\/www.duboeuf.com\/fr\/wp-json\/wp\/v2\/product"}],"about":[{"href":"https:\/\/www.duboeuf.com\/fr\/wp-json\/wp\/v2\/types\/product"}],"wp:featuredmedia":[{"embeddable":true,"href":"https:\/\/www.duboeuf.com\/fr\/wp-json\/wp\/v2\/media\/2872"}],"wp:attachment":[{"href":"https:\/\/www.duboeuf.com\/fr\/wp-json\/wp\/v2\/media?parent=124661"}],"wp:term":[{"taxonomy":"product_brand","embeddable":true,"href":"https:\/\/www.duboeuf.com\/fr\/wp-json\/wp\/v2\/product_brand?post=124661"},{"taxonomy":"product_cat","embeddable":true,"href":"https:\/\/www.duboeuf.com\/fr\/wp-json\/wp\/v2\/product_cat?post=124661"},{"taxonomy":"product_tag","embeddable":true,"href":"https:\/\/www.duboeuf.com\/fr\/wp-json\/wp\/v2\/product_tag?post=124661"},{"taxonomy":"region","embeddable":true,"href":"https:\/\/www.duboeuf.com\/fr\/wp-json\/wp\/v2\/region?post=124661"},{"taxonomy":"aoc","embeddable":true,"href":"https:\/\/www.duboeuf.com\/fr\/wp-json\/wp\/v2\/aoc?post=124661"},{"taxonomy":"couleur","embeddable":true,"href":"https:\/\/www.duboeuf.com\/fr\/wp-json\/wp\/v2\/couleur?post=124661"},{"taxonomy":"gamme","embeddable":true,"href":"https:\/\/www.duboeuf.com\/fr\/wp-json\/wp\/v2\/gamme?post=124661"},{"taxonomy":"millesime","embeddable":true,"href":"https:\/\/www.duboeuf.com\/fr\/wp-json\/wp\/v2\/millesime?post=124661"},{"taxonomy":"collection","embeddable":true,"href":"https:\/\/www.duboeuf.com\/fr\/wp-json\/wp\/v2\/collection?post=124661"}],"curies":[{"name":"wp","href":"https:\/\/api.w.org\/{rel}","templated":true}]}}