{"id":124663,"date":"2025-10-17T10:17:35","date_gmt":"2025-10-17T08:17:35","guid":{"rendered":"https:\/\/www.duboeuf.com\/?post_type=product&#038;p=124663"},"modified":"2026-04-21T15:51:06","modified_gmt":"2026-04-21T13:51:06","slug":"colis-prestige-2022-carton-6-bouteilles","status":"publish","type":"product","link":"https:\/\/www.duboeuf.com\/fr\/e-boutique\/divers\/colis-prestige-2022-carton-6-bouteilles\/","title":{"rendered":"Colis Prestige 2022 Carton 6 Bouteilles &#8211; FRANCO DE PORT"},"content":{"rendered":"<p>FRANCO DE PORT<\/p>\n<p>2 x Moulin \u00e0 Vent \u00ab Cuv\u00e9e Prestige \u00bb 2022<br \/>\n2 x Morgon \u00ab Cuv\u00e9e Prestige \u00bb 2020<br \/>\n2 x Pouilly-Fuiss\u00e9 \u00ab Cuv\u00e9e Prestige \u00bb 2022<br \/>\nToutes nos cuv\u00e9es \u00ab Prestige \u00bb ont \u00e9t\u00e9 \u00e9lev\u00e9es \u00e0 100% en f\u00fbts de ch\u00eane fran\u00e7ais.<br \/>\nCes nectars ont atteint leur apog\u00e9e.<br \/>\nIls ne demandent plus qu\u2019\u00e0 tr\u00f4ner sur votre table de f\u00eates et \u00e0 \u00eatre d\u00e9gust\u00e9s !<\/p>\n<p>Deux Crus du Beaujolais<br \/>\n\u2022 MOULIN A VENT 2022 CUVEE PRESTIGE<br \/>\n\u2022 MORGON 2020 CUVEE PRESTIGE<br \/>\nUn M\u00e2connais<br \/>\n\u2022 POUILLY-FUISSE 2022 CUVEE PRESTIGE<\/p>\n","protected":false},"excerpt":{"rendered":"<p>FRANCO DE PORT 2 x Moulin \u00e0 Vent \u00ab Cuv\u00e9e Prestige \u00bb 2022 2 x Morgon \u00ab Cuv\u00e9e Prestige \u00bb 2020 2 x Pouilly-Fuiss\u00e9 \u00ab Cuv\u00e9e Prestige \u00bb 2022 Toutes nos cuv\u00e9es \u00ab Prestige \u00bb ont \u00e9t\u00e9 \u00e9lev\u00e9es \u00e0 100% en f\u00fbts de ch\u00eane fran\u00e7ais. Ces nectars ont atteint leur apog\u00e9e. Ils ne demandent plus [&hellip;]<\/p>\n","protected":false},"featured_media":124664,"template":"","meta":{"_acf_changed":false},"product_brand":[],"product_cat":[15],"product_tag":[],"region":[183],"aoc":[68],"couleur":[92],"gamme":[],"millesime":[177],"collection":[],"class_list":{"0":"post-124663","1":"product","2":"type-product","3":"status-publish","4":"has-post-thumbnail","6":"product_cat-divers","7":"region-classiques-assortiments-divers","8":"aoc-assortiments-divers","9":"couleur-rouge","10":"millesime-177","12":"first","13":"instock","14":"shipping-taxable","15":"purchasable","16":"product-type-simple"},"acf":[],"_links":{"self":[{"href":"https:\/\/www.duboeuf.com\/fr\/wp-json\/wp\/v2\/product\/124663","targetHints":{"allow":["GET"]}}],"collection":[{"href":"https:\/\/www.duboeuf.com\/fr\/wp-json\/wp\/v2\/product"}],"about":[{"href":"https:\/\/www.duboeuf.com\/fr\/wp-json\/wp\/v2\/types\/product"}],"wp:featuredmedia":[{"embeddable":true,"href":"https:\/\/www.duboeuf.com\/fr\/wp-json\/wp\/v2\/media\/124664"}],"wp:attachment":[{"href":"https:\/\/www.duboeuf.com\/fr\/wp-json\/wp\/v2\/media?parent=124663"}],"wp:term":[{"taxonomy":"product_brand","embeddable":true,"href":"https:\/\/www.duboeuf.com\/fr\/wp-json\/wp\/v2\/product_brand?post=124663"},{"taxonomy":"product_cat","embeddable":true,"href":"https:\/\/www.duboeuf.com\/fr\/wp-json\/wp\/v2\/product_cat?post=124663"},{"taxonomy":"product_tag","embeddable":true,"href":"https:\/\/www.duboeuf.com\/fr\/wp-json\/wp\/v2\/product_tag?post=124663"},{"taxonomy":"region","embeddable":true,"href":"https:\/\/www.duboeuf.com\/fr\/wp-json\/wp\/v2\/region?post=124663"},{"taxonomy":"aoc","embeddable":true,"href":"https:\/\/www.duboeuf.com\/fr\/wp-json\/wp\/v2\/aoc?post=124663"},{"taxonomy":"couleur","embeddable":true,"href":"https:\/\/www.duboeuf.com\/fr\/wp-json\/wp\/v2\/couleur?post=124663"},{"taxonomy":"gamme","embeddable":true,"href":"https:\/\/www.duboeuf.com\/fr\/wp-json\/wp\/v2\/gamme?post=124663"},{"taxonomy":"millesime","embeddable":true,"href":"https:\/\/www.duboeuf.com\/fr\/wp-json\/wp\/v2\/millesime?post=124663"},{"taxonomy":"collection","embeddable":true,"href":"https:\/\/www.duboeuf.com\/fr\/wp-json\/wp\/v2\/collection?post=124663"}],"curies":[{"name":"wp","href":"https:\/\/api.w.org\/{rel}","templated":true}]}}