{"id":124685,"date":"2025-10-17T15:39:05","date_gmt":"2025-10-17T13:39:05","guid":{"rendered":"https:\/\/www.duboeuf.com\/?post_type=product&#038;p=124685"},"modified":"2026-03-24T07:50:59","modified_gmt":"2026-03-24T06:50:59","slug":"brouilly-2024-domaine-de-grand-croix","status":"publish","type":"product","link":"https:\/\/www.duboeuf.com\/fr\/e-boutique\/produit\/brouilly-2024-domaine-de-grand-croix\/","title":{"rendered":"Brouilly 2024 Domaine De Grand Croix"},"content":{"rendered":"<p>Cette exploitation est situ\u00e9e sur la commune de Saint-Lager.<br \/>\nLa famille GUIGARD (ancien n\u00e9gociant en vins lyonnais) a \u00e9t\u00e9 propri\u00e9taire du domaine de 1925 \u00e0 2008. Il \u00e9tait alors compos\u00e9 de trois m\u00e9tayages (vignerons). Aujourd&rsquo;hui, Gilles VINCENT et son fils St\u00e9phane travaillent sur le domaine. Le domaine appartient \u00e0 GROUPAMA depuis 2009, et Gilles VINCENT reste propri\u00e9taire de la marque.<\/p>\n<p>Les vignes sont \u00e2g\u00e9es en moyenne de 60 ans. La densit\u00e9 est de 10 000 pieds \u00e0 l&rsquo;hectare. Le vigneron pratique la taille en gobelet.<\/p>\n<p>La vendange est \u00e9videmment manuelle, en grappes enti\u00e8res, selon la pratique beaujolaise traditionnelle.<\/p>\n<p>Les vins sont stock\u00e9s en cuves inox.<\/p>\n<p>Depuis 1989, la SA VINS GEORGES DUBOEUF ach\u00e8te la r\u00e9colte du domaine de Grand Croix.<\/p>\n","protected":false},"excerpt":{"rendered":"<p>Cette exploitation est situ\u00e9e sur la commune de Saint-Lager. La famille GUIGARD (ancien n\u00e9gociant en vins lyonnais) a \u00e9t\u00e9 propri\u00e9taire du domaine de 1925 \u00e0 2008. Il \u00e9tait alors compos\u00e9 de trois m\u00e9tayages (vignerons). Aujourd&rsquo;hui, Gilles VINCENT et son fils St\u00e9phane travaillent sur le domaine. Le domaine appartient \u00e0 GROUPAMA depuis 2009, et Gilles VINCENT [&hellip;]<\/p>\n","protected":false},"featured_media":124686,"template":"","meta":{"_acf_changed":false},"product_brand":[],"product_cat":[29],"product_tag":[],"region":[33],"aoc":[70],"couleur":[92],"gamme":[],"millesime":[192],"collection":[151],"class_list":{"0":"post-124685","1":"product","2":"type-product","3":"status-publish","4":"has-post-thumbnail","6":"product_cat-produit","7":"region-vins-du-beaujolais","8":"aoc-brouilly","9":"couleur-rouge","10":"millesime-192","11":"collection-domaines-chateaux","13":"first","14":"instock","15":"shipping-taxable","16":"purchasable","17":"product-type-simple"},"acf":[],"_links":{"self":[{"href":"https:\/\/www.duboeuf.com\/fr\/wp-json\/wp\/v2\/product\/124685","targetHints":{"allow":["GET"]}}],"collection":[{"href":"https:\/\/www.duboeuf.com\/fr\/wp-json\/wp\/v2\/product"}],"about":[{"href":"https:\/\/www.duboeuf.com\/fr\/wp-json\/wp\/v2\/types\/product"}],"wp:featuredmedia":[{"embeddable":true,"href":"https:\/\/www.duboeuf.com\/fr\/wp-json\/wp\/v2\/media\/124686"}],"wp:attachment":[{"href":"https:\/\/www.duboeuf.com\/fr\/wp-json\/wp\/v2\/media?parent=124685"}],"wp:term":[{"taxonomy":"product_brand","embeddable":true,"href":"https:\/\/www.duboeuf.com\/fr\/wp-json\/wp\/v2\/product_brand?post=124685"},{"taxonomy":"product_cat","embeddable":true,"href":"https:\/\/www.duboeuf.com\/fr\/wp-json\/wp\/v2\/product_cat?post=124685"},{"taxonomy":"product_tag","embeddable":true,"href":"https:\/\/www.duboeuf.com\/fr\/wp-json\/wp\/v2\/product_tag?post=124685"},{"taxonomy":"region","embeddable":true,"href":"https:\/\/www.duboeuf.com\/fr\/wp-json\/wp\/v2\/region?post=124685"},{"taxonomy":"aoc","embeddable":true,"href":"https:\/\/www.duboeuf.com\/fr\/wp-json\/wp\/v2\/aoc?post=124685"},{"taxonomy":"couleur","embeddable":true,"href":"https:\/\/www.duboeuf.com\/fr\/wp-json\/wp\/v2\/couleur?post=124685"},{"taxonomy":"gamme","embeddable":true,"href":"https:\/\/www.duboeuf.com\/fr\/wp-json\/wp\/v2\/gamme?post=124685"},{"taxonomy":"millesime","embeddable":true,"href":"https:\/\/www.duboeuf.com\/fr\/wp-json\/wp\/v2\/millesime?post=124685"},{"taxonomy":"collection","embeddable":true,"href":"https:\/\/www.duboeuf.com\/fr\/wp-json\/wp\/v2\/collection?post=124685"}],"curies":[{"name":"wp","href":"https:\/\/api.w.org\/{rel}","templated":true}]}}