{"id":125243,"date":"2026-03-06T08:18:14","date_gmt":"2026-03-06T07:18:14","guid":{"rendered":"https:\/\/www.duboeuf.com\/?post_type=product&#038;p=125243"},"modified":"2026-04-21T15:51:07","modified_gmt":"2026-04-21T13:51:07","slug":"regnie-2025-selection-georges-duboeuf","status":"publish","type":"product","link":"https:\/\/www.duboeuf.com\/fr\/e-boutique\/produit\/regnie-2025-selection-georges-duboeuf\/","title":{"rendered":"R\u00e9gni\u00e9 2025 S\u00e9lection Georges Duboeuf"},"content":{"rendered":"<p>Ils furent neuf, ils devinrent dix. Le cercle tr\u00e8s confortable des neuf \u00e9lus s&rsquo;est laiss\u00e9 attendrir par un nouveau pr\u00e9tendant. C&rsquo;est dire si celui-ci avait de s\u00e9rieux arguments en sa faveur. Il fit son entr\u00e9e tr\u00e8s officiellement en 1988. <\/p>\n<p>A flanc de coteaux, immerg\u00e9s dans un oc\u00e9an de ceps entre leurs deux a\u00een\u00e9s Morgon au nord et Brouilly au sud, les deux villages voisins de R\u00e9gni\u00e9 et Durette ont fusionn\u00e9 en 1973, en pr\u00e9ambule \u00e0 la r\u00e9vision  de leur statut et de leur \u00e9l\u00e9vation en Cru. Ce rapprochement naturel semble refl\u00e9t\u00e9 dans l&rsquo;\u00e9glise de R\u00e9gni\u00e9, pour le moins originale, et ses deux clochers, l&rsquo;un pour R\u00e9gni\u00e9, pourrait-on imaginer, l&rsquo;autre pour Durette. Si vous trouvez une ressemblance avec la basilique de Fourvi\u00e8re \u00e0 Lyon, cela n&rsquo;a rien d&rsquo;\u00e9tonnant, car l&rsquo;architecte est le m\u00eame. <\/p>\n<p>Bien plus qu&rsquo;un simple m\u00e9tier, c&rsquo;est la passion qui anime les viticulteurs de ce jeune cru qui entend se faire appr\u00e9cier et respecter. On dit plaisamment qu&rsquo;une seule tass\u00e9e de R\u00e9gni\u00e9 vous apprendra plus sur la r\u00e9gion beaujolaise que tous les livres \u00e9crits sur le sujet ! Alors, on essaie !<\/p>\n","protected":false},"excerpt":{"rendered":"<p>Ils furent neuf, ils devinrent dix. Le cercle tr\u00e8s confortable des neuf \u00e9lus s&rsquo;est laiss\u00e9 attendrir par un nouveau pr\u00e9tendant. C&rsquo;est dire si celui-ci avait de s\u00e9rieux arguments en sa faveur. Il fit son entr\u00e9e tr\u00e8s officiellement en 1988. A flanc de coteaux, immerg\u00e9s dans un oc\u00e9an de ceps entre leurs deux a\u00een\u00e9s Morgon au [&hellip;]<\/p>\n","protected":false},"featured_media":125244,"template":"","meta":{"_acf_changed":false},"product_brand":[],"product_cat":[29],"product_tag":[],"region":[33],"aoc":[76],"couleur":[92],"gamme":[],"millesime":[197],"collection":[156],"class_list":{"0":"post-125243","1":"product","2":"type-product","3":"status-publish","4":"has-post-thumbnail","6":"product_cat-produit","7":"region-vins-du-beaujolais","8":"aoc-regnie","9":"couleur-rouge","10":"millesime-197","11":"collection-fleurs","13":"first","14":"instock","15":"shipping-taxable","16":"purchasable","17":"product-type-simple"},"acf":[],"_links":{"self":[{"href":"https:\/\/www.duboeuf.com\/fr\/wp-json\/wp\/v2\/product\/125243","targetHints":{"allow":["GET"]}}],"collection":[{"href":"https:\/\/www.duboeuf.com\/fr\/wp-json\/wp\/v2\/product"}],"about":[{"href":"https:\/\/www.duboeuf.com\/fr\/wp-json\/wp\/v2\/types\/product"}],"wp:featuredmedia":[{"embeddable":true,"href":"https:\/\/www.duboeuf.com\/fr\/wp-json\/wp\/v2\/media\/125244"}],"wp:attachment":[{"href":"https:\/\/www.duboeuf.com\/fr\/wp-json\/wp\/v2\/media?parent=125243"}],"wp:term":[{"taxonomy":"product_brand","embeddable":true,"href":"https:\/\/www.duboeuf.com\/fr\/wp-json\/wp\/v2\/product_brand?post=125243"},{"taxonomy":"product_cat","embeddable":true,"href":"https:\/\/www.duboeuf.com\/fr\/wp-json\/wp\/v2\/product_cat?post=125243"},{"taxonomy":"product_tag","embeddable":true,"href":"https:\/\/www.duboeuf.com\/fr\/wp-json\/wp\/v2\/product_tag?post=125243"},{"taxonomy":"region","embeddable":true,"href":"https:\/\/www.duboeuf.com\/fr\/wp-json\/wp\/v2\/region?post=125243"},{"taxonomy":"aoc","embeddable":true,"href":"https:\/\/www.duboeuf.com\/fr\/wp-json\/wp\/v2\/aoc?post=125243"},{"taxonomy":"couleur","embeddable":true,"href":"https:\/\/www.duboeuf.com\/fr\/wp-json\/wp\/v2\/couleur?post=125243"},{"taxonomy":"gamme","embeddable":true,"href":"https:\/\/www.duboeuf.com\/fr\/wp-json\/wp\/v2\/gamme?post=125243"},{"taxonomy":"millesime","embeddable":true,"href":"https:\/\/www.duboeuf.com\/fr\/wp-json\/wp\/v2\/millesime?post=125243"},{"taxonomy":"collection","embeddable":true,"href":"https:\/\/www.duboeuf.com\/fr\/wp-json\/wp\/v2\/collection?post=125243"}],"curies":[{"name":"wp","href":"https:\/\/api.w.org\/{rel}","templated":true}]}}