{"id":125256,"date":"2026-03-06T08:18:51","date_gmt":"2026-03-06T07:18:51","guid":{"rendered":"https:\/\/www.duboeuf.com\/?post_type=product&#038;p=125256"},"modified":"2026-04-21T15:51:08","modified_gmt":"2026-04-21T13:51:08","slug":"beaujolais-rose-2025-comme-un-air-de-rose","status":"publish","type":"product","link":"https:\/\/www.duboeuf.com\/fr\/e-boutique\/produit\/beaujolais-rose-2025-comme-un-air-de-rose\/","title":{"rendered":"Beaujolais Ros\u00e9 2025 Comme Un Air de Ros\u00e9"},"content":{"rendered":"<p>Le Beaujolais ros\u00e9 est issu du c\u00e9page gamay noir \u00e0 jus blanc, le c\u00e9page embl\u00e9matique du Beaujolais.<br \/>\nTout est dit dans son nom : couleur dans la pellicule des raisins, clart\u00e9 dans le jus.<\/p>\n<p>Les ros\u00e9s sont obtenus par un pressurage direct des raisins, pr\u00e9c\u00e9d\u00e9 ou non d&rsquo;une courte mac\u00e9ration. De l\u00e0 vient leur couleur diaphane qui va du p\u00e9tale de rose au rose saumon plus soutenu.<\/p>\n<p>Frais et d\u00e9salt\u00e9rant, le Beaujolais ros\u00e9 roule sur la langue sans jamais l&rsquo;agresser, d\u00e9laissant l&rsquo;acidit\u00e9 pour la tendresse. <\/p>\n<p>Dans son habillage sp\u00e9cial et original, \u00ab\u00a0Comme un air de ros\u00e9\u00a0\u00bb tr\u00f4nera avec \u00e9l\u00e9gance sur votre table cet \u00e9t\u00e9.<\/p>\n","protected":false},"excerpt":{"rendered":"<p>Le Beaujolais ros\u00e9 est issu du c\u00e9page gamay noir \u00e0 jus blanc, le c\u00e9page embl\u00e9matique du Beaujolais. Tout est dit dans son nom : couleur dans la pellicule des raisins, clart\u00e9 dans le jus. Les ros\u00e9s sont obtenus par un pressurage direct des raisins, pr\u00e9c\u00e9d\u00e9 ou non d&rsquo;une courte mac\u00e9ration. De l\u00e0 vient leur couleur [&hellip;]<\/p>\n","protected":false},"featured_media":122369,"template":"","meta":{"_acf_changed":false},"product_brand":[],"product_cat":[29],"product_tag":[],"region":[33],"aoc":[80],"couleur":[93],"gamme":[],"millesime":[197],"collection":[156],"class_list":{"0":"post-125256","1":"product","2":"type-product","3":"status-publish","4":"has-post-thumbnail","6":"product_cat-produit","7":"region-vins-du-beaujolais","8":"aoc-beaujolais-rose","9":"couleur-rose","10":"millesime-197","11":"collection-fleurs","13":"first","14":"instock","15":"shipping-taxable","16":"purchasable","17":"product-type-simple"},"acf":[],"_links":{"self":[{"href":"https:\/\/www.duboeuf.com\/fr\/wp-json\/wp\/v2\/product\/125256","targetHints":{"allow":["GET"]}}],"collection":[{"href":"https:\/\/www.duboeuf.com\/fr\/wp-json\/wp\/v2\/product"}],"about":[{"href":"https:\/\/www.duboeuf.com\/fr\/wp-json\/wp\/v2\/types\/product"}],"wp:featuredmedia":[{"embeddable":true,"href":"https:\/\/www.duboeuf.com\/fr\/wp-json\/wp\/v2\/media\/122369"}],"wp:attachment":[{"href":"https:\/\/www.duboeuf.com\/fr\/wp-json\/wp\/v2\/media?parent=125256"}],"wp:term":[{"taxonomy":"product_brand","embeddable":true,"href":"https:\/\/www.duboeuf.com\/fr\/wp-json\/wp\/v2\/product_brand?post=125256"},{"taxonomy":"product_cat","embeddable":true,"href":"https:\/\/www.duboeuf.com\/fr\/wp-json\/wp\/v2\/product_cat?post=125256"},{"taxonomy":"product_tag","embeddable":true,"href":"https:\/\/www.duboeuf.com\/fr\/wp-json\/wp\/v2\/product_tag?post=125256"},{"taxonomy":"region","embeddable":true,"href":"https:\/\/www.duboeuf.com\/fr\/wp-json\/wp\/v2\/region?post=125256"},{"taxonomy":"aoc","embeddable":true,"href":"https:\/\/www.duboeuf.com\/fr\/wp-json\/wp\/v2\/aoc?post=125256"},{"taxonomy":"couleur","embeddable":true,"href":"https:\/\/www.duboeuf.com\/fr\/wp-json\/wp\/v2\/couleur?post=125256"},{"taxonomy":"gamme","embeddable":true,"href":"https:\/\/www.duboeuf.com\/fr\/wp-json\/wp\/v2\/gamme?post=125256"},{"taxonomy":"millesime","embeddable":true,"href":"https:\/\/www.duboeuf.com\/fr\/wp-json\/wp\/v2\/millesime?post=125256"},{"taxonomy":"collection","embeddable":true,"href":"https:\/\/www.duboeuf.com\/fr\/wp-json\/wp\/v2\/collection?post=125256"}],"curies":[{"name":"wp","href":"https:\/\/api.w.org\/{rel}","templated":true}]}}