{"id":125289,"date":"2026-03-10T11:04:25","date_gmt":"2026-03-10T10:04:25","guid":{"rendered":"https:\/\/www.duboeuf.com\/?post_type=product&#038;p=125289"},"modified":"2026-04-21T15:51:08","modified_gmt":"2026-04-21T13:51:08","slug":"bourgogne-aligote-2024-selection-georges-duboeuf","status":"publish","type":"product","link":"https:\/\/www.duboeuf.com\/fr\/e-boutique\/produit\/bourgogne-aligote-2024-selection-georges-duboeuf\/","title":{"rendered":"Bourgogne Aligote 2024 Selection Georges Duboeuf"},"content":{"rendered":"<p>L&rsquo;Aligot\u00e9 est un c\u00e9page qui a donn\u00e9 son nom \u00e0 une Appellation Contr\u00f4l\u00e9e. Elle couvre 1 000 hectares et s&rsquo;\u00e9tend sur trois d\u00e9partements : la C\u00f4te d&rsquo;Or, l&rsquo;Yonne et la Sa\u00f4ne et Loire.<\/p>\n<p>Le Bourgogne Aligot\u00e9 est un vin blanc.<br \/>\nIl sert de base \u00e0 l&rsquo;\u00e9laboration du v\u00e9ritable \u00a0\u00bb Kir \u00a0\u00bb : 2\/3 de Bourgogne Aligot\u00e9, 1\/3 de cr\u00e8me de cassis. Les autres pr\u00e9parations ne peuvent pr\u00e9tendre qu&rsquo;\u00e0 la qualification de \u00a0\u00bb Vin Blanc &#8211; Cassis).<\/p>\n<p>C&rsquo;est un vin qui est suffisamment structur\u00e9 pour conserver son caract\u00e8res jeune et fruit\u00e9 pendant 3 \u00e0 4 ans.<\/p>\n","protected":false},"excerpt":{"rendered":"<p>L&rsquo;Aligot\u00e9 est un c\u00e9page qui a donn\u00e9 son nom \u00e0 une Appellation Contr\u00f4l\u00e9e. Elle couvre 1 000 hectares et s&rsquo;\u00e9tend sur trois d\u00e9partements : la C\u00f4te d&rsquo;Or, l&rsquo;Yonne et la Sa\u00f4ne et Loire. Le Bourgogne Aligot\u00e9 est un vin blanc. Il sert de base \u00e0 l&rsquo;\u00e9laboration du v\u00e9ritable \u00a0\u00bb Kir \u00a0\u00bb : 2\/3 de Bourgogne [&hellip;]<\/p>\n","protected":false},"featured_media":125290,"template":"","meta":{"_acf_changed":false},"product_brand":[],"product_cat":[29],"product_tag":[],"region":[43],"aoc":[86],"couleur":[94],"gamme":[],"millesime":[192],"collection":[],"class_list":{"0":"post-125289","1":"product","2":"type-product","3":"status-publish","4":"has-post-thumbnail","6":"product_cat-produit","7":"region-vins-de-bourgogne","8":"aoc-bourgogne-aligote","9":"couleur-blanc","10":"millesime-192","12":"first","13":"instock","14":"shipping-taxable","15":"purchasable","16":"product-type-simple"},"acf":[],"_links":{"self":[{"href":"https:\/\/www.duboeuf.com\/fr\/wp-json\/wp\/v2\/product\/125289","targetHints":{"allow":["GET"]}}],"collection":[{"href":"https:\/\/www.duboeuf.com\/fr\/wp-json\/wp\/v2\/product"}],"about":[{"href":"https:\/\/www.duboeuf.com\/fr\/wp-json\/wp\/v2\/types\/product"}],"wp:featuredmedia":[{"embeddable":true,"href":"https:\/\/www.duboeuf.com\/fr\/wp-json\/wp\/v2\/media\/125290"}],"wp:attachment":[{"href":"https:\/\/www.duboeuf.com\/fr\/wp-json\/wp\/v2\/media?parent=125289"}],"wp:term":[{"taxonomy":"product_brand","embeddable":true,"href":"https:\/\/www.duboeuf.com\/fr\/wp-json\/wp\/v2\/product_brand?post=125289"},{"taxonomy":"product_cat","embeddable":true,"href":"https:\/\/www.duboeuf.com\/fr\/wp-json\/wp\/v2\/product_cat?post=125289"},{"taxonomy":"product_tag","embeddable":true,"href":"https:\/\/www.duboeuf.com\/fr\/wp-json\/wp\/v2\/product_tag?post=125289"},{"taxonomy":"region","embeddable":true,"href":"https:\/\/www.duboeuf.com\/fr\/wp-json\/wp\/v2\/region?post=125289"},{"taxonomy":"aoc","embeddable":true,"href":"https:\/\/www.duboeuf.com\/fr\/wp-json\/wp\/v2\/aoc?post=125289"},{"taxonomy":"couleur","embeddable":true,"href":"https:\/\/www.duboeuf.com\/fr\/wp-json\/wp\/v2\/couleur?post=125289"},{"taxonomy":"gamme","embeddable":true,"href":"https:\/\/www.duboeuf.com\/fr\/wp-json\/wp\/v2\/gamme?post=125289"},{"taxonomy":"millesime","embeddable":true,"href":"https:\/\/www.duboeuf.com\/fr\/wp-json\/wp\/v2\/millesime?post=125289"},{"taxonomy":"collection","embeddable":true,"href":"https:\/\/www.duboeuf.com\/fr\/wp-json\/wp\/v2\/collection?post=125289"}],"curies":[{"name":"wp","href":"https:\/\/api.w.org\/{rel}","templated":true}]}}