{"id":125340,"date":"2026-03-23T11:57:18","date_gmt":"2026-03-23T10:57:18","guid":{"rendered":"https:\/\/www.duboeuf.com\/?post_type=product&#038;p=125340"},"modified":"2026-04-21T15:51:05","modified_gmt":"2026-04-21T13:51:05","slug":"fleurie-2024-lieu-dit-la-madone","status":"publish","type":"product","link":"https:\/\/www.duboeuf.com\/fr\/e-boutique\/produit\/fleurie-2024-lieu-dit-la-madone\/","title":{"rendered":"Fleurie 2024 Lieu-Dit La Madone"},"content":{"rendered":"<p>En 1870, les vignerons de Fleurie avaient promis \u00e0 la Vierge qu\u2019un sanctuaire serait \u00e9difi\u00e9 en ex-voto, si les Prussiens ne poussaient pas la conqu\u00eate jusqu\u2019\u00e0 leur village. Les Prussiens n\u2019atteignirent jamais Fleurie et les vignerons ont tenu leur promesse.<\/p>\n<p>Erig\u00e9e par les habitants de Fleurie sur le sommet d\u2019un mamelon enti\u00e8rement plant\u00e9 en vignes de Gamay, la chapelle domine les coteaux alentour, bien au dessus du village. Les vignes, solidement ancr\u00e9es dans leur terrain granitique, semblent prosp\u00e9rer sous le regard bienveillant de Marie, dont la statue tr\u00f4ne en haut de la chapelle qui lui f\u00fbt d\u00e9di\u00e9e. Le bon vin de cette terre appel\u00e9e \u201d La Madone \u201d nous relie au ciel.<\/p>\n<p>TERROIR<br \/>\n40% de pente maximale<br \/>\nExposition Est<\/p>\n","protected":false},"excerpt":{"rendered":"<p>En 1870, les vignerons de Fleurie avaient promis \u00e0 la Vierge qu\u2019un sanctuaire serait \u00e9difi\u00e9 en ex-voto, si les Prussiens ne poussaient pas la conqu\u00eate jusqu\u2019\u00e0 leur village. Les Prussiens n\u2019atteignirent jamais Fleurie et les vignerons ont tenu leur promesse. Erig\u00e9e par les habitants de Fleurie sur le sommet d\u2019un mamelon enti\u00e8rement plant\u00e9 en vignes [&hellip;]<\/p>\n","protected":false},"featured_media":121909,"template":"","meta":{"_acf_changed":false},"product_brand":[],"product_cat":[29],"product_tag":[],"region":[33],"aoc":[73],"couleur":[92],"gamme":[],"millesime":[192],"collection":[152],"class_list":{"0":"post-125340","1":"product","2":"type-product","3":"status-publish","4":"has-post-thumbnail","6":"product_cat-produit","7":"region-vins-du-beaujolais","8":"aoc-fleurie","9":"couleur-rouge","10":"millesime-192","11":"collection-lieux-dits","13":"first","14":"instock","15":"shipping-taxable","16":"purchasable","17":"product-type-simple"},"acf":[],"_links":{"self":[{"href":"https:\/\/www.duboeuf.com\/fr\/wp-json\/wp\/v2\/product\/125340","targetHints":{"allow":["GET"]}}],"collection":[{"href":"https:\/\/www.duboeuf.com\/fr\/wp-json\/wp\/v2\/product"}],"about":[{"href":"https:\/\/www.duboeuf.com\/fr\/wp-json\/wp\/v2\/types\/product"}],"wp:featuredmedia":[{"embeddable":true,"href":"https:\/\/www.duboeuf.com\/fr\/wp-json\/wp\/v2\/media\/121909"}],"wp:attachment":[{"href":"https:\/\/www.duboeuf.com\/fr\/wp-json\/wp\/v2\/media?parent=125340"}],"wp:term":[{"taxonomy":"product_brand","embeddable":true,"href":"https:\/\/www.duboeuf.com\/fr\/wp-json\/wp\/v2\/product_brand?post=125340"},{"taxonomy":"product_cat","embeddable":true,"href":"https:\/\/www.duboeuf.com\/fr\/wp-json\/wp\/v2\/product_cat?post=125340"},{"taxonomy":"product_tag","embeddable":true,"href":"https:\/\/www.duboeuf.com\/fr\/wp-json\/wp\/v2\/product_tag?post=125340"},{"taxonomy":"region","embeddable":true,"href":"https:\/\/www.duboeuf.com\/fr\/wp-json\/wp\/v2\/region?post=125340"},{"taxonomy":"aoc","embeddable":true,"href":"https:\/\/www.duboeuf.com\/fr\/wp-json\/wp\/v2\/aoc?post=125340"},{"taxonomy":"couleur","embeddable":true,"href":"https:\/\/www.duboeuf.com\/fr\/wp-json\/wp\/v2\/couleur?post=125340"},{"taxonomy":"gamme","embeddable":true,"href":"https:\/\/www.duboeuf.com\/fr\/wp-json\/wp\/v2\/gamme?post=125340"},{"taxonomy":"millesime","embeddable":true,"href":"https:\/\/www.duboeuf.com\/fr\/wp-json\/wp\/v2\/millesime?post=125340"},{"taxonomy":"collection","embeddable":true,"href":"https:\/\/www.duboeuf.com\/fr\/wp-json\/wp\/v2\/collection?post=125340"}],"curies":[{"name":"wp","href":"https:\/\/api.w.org\/{rel}","templated":true}]}}