{"id":125341,"date":"2026-03-23T11:57:26","date_gmt":"2026-03-23T10:57:26","guid":{"rendered":"https:\/\/www.duboeuf.com\/?post_type=product&#038;p=125341"},"modified":"2026-04-21T15:51:05","modified_gmt":"2026-04-21T13:51:05","slug":"morgon-2024-lieu-dit-cote-du-py","status":"publish","type":"product","link":"https:\/\/www.duboeuf.com\/fr\/e-boutique\/produit\/morgon-2024-lieu-dit-cote-du-py\/","title":{"rendered":"Morgon 2024 Lieu-Dit Cote Du Py"},"content":{"rendered":"<p>La C\u00f4te du Py est la colline \u00e9ruptive qui tr\u00f4ne au c\u0153ur de Morgon, le plus \u00e9tendu des crus du Beaujolais. Elle doit son nom \u00e0 un ancien volcan (Puy) qui mod\u00e8le le paysage et culmine \u00e0 plus de 300 m\u00e8tres d\u2019altitude.<\/p>\n<p>Harmonieuse, la C\u00f4te du Py se d\u00e9marque du paysage par son ch\u00eane centenaire qui domine le Beaujolais. A son sommet, une vue imprenable sur le vignoble, les monts du Beaujolais, la plaine de la Sa\u00f4ne, les Alpes\u2026<\/p>\n<p>TERROIR<br \/>\n18% de pente maximale<br \/>\nExpositions Nord-Est et Sud-Est<\/p>\n","protected":false},"excerpt":{"rendered":"<p>La C\u00f4te du Py est la colline \u00e9ruptive qui tr\u00f4ne au c\u0153ur de Morgon, le plus \u00e9tendu des crus du Beaujolais. Elle doit son nom \u00e0 un ancien volcan (Puy) qui mod\u00e8le le paysage et culmine \u00e0 plus de 300 m\u00e8tres d\u2019altitude. Harmonieuse, la C\u00f4te du Py se d\u00e9marque du paysage par son ch\u00eane centenaire [&hellip;]<\/p>\n","protected":false},"featured_media":121912,"template":"","meta":{"_acf_changed":false},"product_brand":[],"product_cat":[29],"product_tag":[],"region":[33],"aoc":[74],"couleur":[92],"gamme":[],"millesime":[192],"collection":[152],"class_list":{"0":"post-125341","1":"product","2":"type-product","3":"status-publish","4":"has-post-thumbnail","6":"product_cat-produit","7":"region-vins-du-beaujolais","8":"aoc-morgon","9":"couleur-rouge","10":"millesime-192","11":"collection-lieux-dits","13":"first","14":"instock","15":"shipping-taxable","16":"purchasable","17":"product-type-simple"},"acf":[],"_links":{"self":[{"href":"https:\/\/www.duboeuf.com\/fr\/wp-json\/wp\/v2\/product\/125341","targetHints":{"allow":["GET"]}}],"collection":[{"href":"https:\/\/www.duboeuf.com\/fr\/wp-json\/wp\/v2\/product"}],"about":[{"href":"https:\/\/www.duboeuf.com\/fr\/wp-json\/wp\/v2\/types\/product"}],"wp:featuredmedia":[{"embeddable":true,"href":"https:\/\/www.duboeuf.com\/fr\/wp-json\/wp\/v2\/media\/121912"}],"wp:attachment":[{"href":"https:\/\/www.duboeuf.com\/fr\/wp-json\/wp\/v2\/media?parent=125341"}],"wp:term":[{"taxonomy":"product_brand","embeddable":true,"href":"https:\/\/www.duboeuf.com\/fr\/wp-json\/wp\/v2\/product_brand?post=125341"},{"taxonomy":"product_cat","embeddable":true,"href":"https:\/\/www.duboeuf.com\/fr\/wp-json\/wp\/v2\/product_cat?post=125341"},{"taxonomy":"product_tag","embeddable":true,"href":"https:\/\/www.duboeuf.com\/fr\/wp-json\/wp\/v2\/product_tag?post=125341"},{"taxonomy":"region","embeddable":true,"href":"https:\/\/www.duboeuf.com\/fr\/wp-json\/wp\/v2\/region?post=125341"},{"taxonomy":"aoc","embeddable":true,"href":"https:\/\/www.duboeuf.com\/fr\/wp-json\/wp\/v2\/aoc?post=125341"},{"taxonomy":"couleur","embeddable":true,"href":"https:\/\/www.duboeuf.com\/fr\/wp-json\/wp\/v2\/couleur?post=125341"},{"taxonomy":"gamme","embeddable":true,"href":"https:\/\/www.duboeuf.com\/fr\/wp-json\/wp\/v2\/gamme?post=125341"},{"taxonomy":"millesime","embeddable":true,"href":"https:\/\/www.duboeuf.com\/fr\/wp-json\/wp\/v2\/millesime?post=125341"},{"taxonomy":"collection","embeddable":true,"href":"https:\/\/www.duboeuf.com\/fr\/wp-json\/wp\/v2\/collection?post=125341"}],"curies":[{"name":"wp","href":"https:\/\/api.w.org\/{rel}","templated":true}]}}