{"id":125345,"date":"2026-03-23T11:57:26","date_gmt":"2026-03-23T10:57:26","guid":{"rendered":"https:\/\/www.duboeuf.com\/?post_type=product&#038;p=125345"},"modified":"2026-04-21T15:51:05","modified_gmt":"2026-04-21T13:51:05","slug":"moulin-a-vent-2024-lieu-dit-au-michelon","status":"publish","type":"product","link":"https:\/\/www.duboeuf.com\/fr\/e-boutique\/produit\/moulin-a-vent-2024-lieu-dit-au-michelon\/","title":{"rendered":"Moulin-A-Vent 2024 Lieu-Dit Au Michelon"},"content":{"rendered":"<p>Robe brillante grenat. Plein de charme d\u00e8s les premi\u00e8res effluves : fruits des bois (fraise, m\u00fbre) d\u00e9licatement saupoudr\u00e9s d&rsquo;\u00e9pices douces. Une bouche luxuriante et chaleureuse avec des tanins suaves. Une petite acidit\u00e9 aiguise la gourmandise de l&rsquo;ensemble.<\/p>\n","protected":false},"excerpt":{"rendered":"<p>Robe brillante grenat. Plein de charme d\u00e8s les premi\u00e8res effluves : fruits des bois (fraise, m\u00fbre) d\u00e9licatement saupoudr\u00e9s d&rsquo;\u00e9pices douces. Une bouche luxuriante et chaleureuse avec des tanins suaves. Une petite acidit\u00e9 aiguise la gourmandise de l&rsquo;ensemble.<\/p>\n","protected":false},"featured_media":125346,"template":"","meta":{"_acf_changed":false},"product_brand":[],"product_cat":[29],"product_tag":[],"region":[33],"aoc":[75],"couleur":[92],"gamme":[],"millesime":[192],"collection":[152],"class_list":{"0":"post-125345","1":"product","2":"type-product","3":"status-publish","4":"has-post-thumbnail","6":"product_cat-produit","7":"region-vins-du-beaujolais","8":"aoc-moulin-a-vent","9":"couleur-rouge","10":"millesime-192","11":"collection-lieux-dits","13":"first","14":"instock","15":"shipping-taxable","16":"purchasable","17":"product-type-simple"},"acf":[],"_links":{"self":[{"href":"https:\/\/www.duboeuf.com\/fr\/wp-json\/wp\/v2\/product\/125345","targetHints":{"allow":["GET"]}}],"collection":[{"href":"https:\/\/www.duboeuf.com\/fr\/wp-json\/wp\/v2\/product"}],"about":[{"href":"https:\/\/www.duboeuf.com\/fr\/wp-json\/wp\/v2\/types\/product"}],"wp:featuredmedia":[{"embeddable":true,"href":"https:\/\/www.duboeuf.com\/fr\/wp-json\/wp\/v2\/media\/125346"}],"wp:attachment":[{"href":"https:\/\/www.duboeuf.com\/fr\/wp-json\/wp\/v2\/media?parent=125345"}],"wp:term":[{"taxonomy":"product_brand","embeddable":true,"href":"https:\/\/www.duboeuf.com\/fr\/wp-json\/wp\/v2\/product_brand?post=125345"},{"taxonomy":"product_cat","embeddable":true,"href":"https:\/\/www.duboeuf.com\/fr\/wp-json\/wp\/v2\/product_cat?post=125345"},{"taxonomy":"product_tag","embeddable":true,"href":"https:\/\/www.duboeuf.com\/fr\/wp-json\/wp\/v2\/product_tag?post=125345"},{"taxonomy":"region","embeddable":true,"href":"https:\/\/www.duboeuf.com\/fr\/wp-json\/wp\/v2\/region?post=125345"},{"taxonomy":"aoc","embeddable":true,"href":"https:\/\/www.duboeuf.com\/fr\/wp-json\/wp\/v2\/aoc?post=125345"},{"taxonomy":"couleur","embeddable":true,"href":"https:\/\/www.duboeuf.com\/fr\/wp-json\/wp\/v2\/couleur?post=125345"},{"taxonomy":"gamme","embeddable":true,"href":"https:\/\/www.duboeuf.com\/fr\/wp-json\/wp\/v2\/gamme?post=125345"},{"taxonomy":"millesime","embeddable":true,"href":"https:\/\/www.duboeuf.com\/fr\/wp-json\/wp\/v2\/millesime?post=125345"},{"taxonomy":"collection","embeddable":true,"href":"https:\/\/www.duboeuf.com\/fr\/wp-json\/wp\/v2\/collection?post=125345"}],"curies":[{"name":"wp","href":"https:\/\/api.w.org\/{rel}","templated":true}]}}