{"id":125620,"date":"2026-04-21T15:27:23","date_gmt":"2026-04-21T13:27:23","guid":{"rendered":"https:\/\/www.duboeuf.com\/?post_type=product&#038;p=125620"},"modified":"2026-04-21T15:51:04","modified_gmt":"2026-04-21T13:51:04","slug":"fleurie-2024-bio-selection-georges-duboeuf","status":"publish","type":"product","link":"https:\/\/www.duboeuf.com\/fr\/e-boutique\/produit\/fleurie-2024-bio-selection-georges-duboeuf\/","title":{"rendered":"Fleurie 2024 Bio S\u00e9lection Georges Duboeuf"},"content":{"rendered":"<p>Robe brillante grenat. Des ar\u00f4mes de fruits noirs concentr\u00e9s, de gel\u00e9e de m\u00fbre et un parfum de violette. Un vin de chair \u00e0 l&rsquo;allonge harmonieuse.<\/p>\n","protected":false},"excerpt":{"rendered":"<p>Robe brillante grenat. Des ar\u00f4mes de fruits noirs concentr\u00e9s, de gel\u00e9e de m\u00fbre et un parfum de violette. Un vin de chair \u00e0 l&rsquo;allonge harmonieuse.<\/p>\n","protected":false},"featured_media":125621,"template":"","meta":{"_acf_changed":false},"product_brand":[],"product_cat":[29],"product_tag":[],"region":[33],"aoc":[73],"couleur":[92],"gamme":[],"millesime":[192],"collection":[156],"class_list":{"0":"post-125620","1":"product","2":"type-product","3":"status-publish","4":"has-post-thumbnail","6":"product_cat-produit","7":"region-vins-du-beaujolais","8":"aoc-fleurie","9":"couleur-rouge","10":"millesime-192","11":"collection-fleurs","13":"first","14":"instock","15":"shipping-taxable","16":"purchasable","17":"product-type-simple"},"acf":[],"_links":{"self":[{"href":"https:\/\/www.duboeuf.com\/fr\/wp-json\/wp\/v2\/product\/125620","targetHints":{"allow":["GET"]}}],"collection":[{"href":"https:\/\/www.duboeuf.com\/fr\/wp-json\/wp\/v2\/product"}],"about":[{"href":"https:\/\/www.duboeuf.com\/fr\/wp-json\/wp\/v2\/types\/product"}],"wp:featuredmedia":[{"embeddable":true,"href":"https:\/\/www.duboeuf.com\/fr\/wp-json\/wp\/v2\/media\/125621"}],"wp:attachment":[{"href":"https:\/\/www.duboeuf.com\/fr\/wp-json\/wp\/v2\/media?parent=125620"}],"wp:term":[{"taxonomy":"product_brand","embeddable":true,"href":"https:\/\/www.duboeuf.com\/fr\/wp-json\/wp\/v2\/product_brand?post=125620"},{"taxonomy":"product_cat","embeddable":true,"href":"https:\/\/www.duboeuf.com\/fr\/wp-json\/wp\/v2\/product_cat?post=125620"},{"taxonomy":"product_tag","embeddable":true,"href":"https:\/\/www.duboeuf.com\/fr\/wp-json\/wp\/v2\/product_tag?post=125620"},{"taxonomy":"region","embeddable":true,"href":"https:\/\/www.duboeuf.com\/fr\/wp-json\/wp\/v2\/region?post=125620"},{"taxonomy":"aoc","embeddable":true,"href":"https:\/\/www.duboeuf.com\/fr\/wp-json\/wp\/v2\/aoc?post=125620"},{"taxonomy":"couleur","embeddable":true,"href":"https:\/\/www.duboeuf.com\/fr\/wp-json\/wp\/v2\/couleur?post=125620"},{"taxonomy":"gamme","embeddable":true,"href":"https:\/\/www.duboeuf.com\/fr\/wp-json\/wp\/v2\/gamme?post=125620"},{"taxonomy":"millesime","embeddable":true,"href":"https:\/\/www.duboeuf.com\/fr\/wp-json\/wp\/v2\/millesime?post=125620"},{"taxonomy":"collection","embeddable":true,"href":"https:\/\/www.duboeuf.com\/fr\/wp-json\/wp\/v2\/collection?post=125620"}],"curies":[{"name":"wp","href":"https:\/\/api.w.org\/{rel}","templated":true}]}}