{"id":125623,"date":"2026-04-21T15:27:23","date_gmt":"2026-04-21T13:27:23","guid":{"rendered":"https:\/\/www.duboeuf.com\/?post_type=product&#038;p=125623"},"modified":"2026-04-21T15:51:04","modified_gmt":"2026-04-21T13:51:04","slug":"morgon-2024-bio-selection-georges-duboeuf","status":"publish","type":"product","link":"https:\/\/www.duboeuf.com\/fr\/e-boutique\/produit\/morgon-2024-bio-selection-georges-duboeuf\/","title":{"rendered":"Morgon 2024 Bio S\u00e9lection Georges Duboeuf"},"content":{"rendered":"<p>Robe brillante pourpre. Force et finesse caract\u00e9risent bien cette cuv\u00e9e. Nature et puret\u00e9 du fruit \u00e0 dominante cerise. Dense et charnue avec une jolie \u00e9paisseur du fruit \u00e0 la fois frais et m\u00fbr.<\/p>\n","protected":false},"excerpt":{"rendered":"<p>Robe brillante pourpre. Force et finesse caract\u00e9risent bien cette cuv\u00e9e. Nature et puret\u00e9 du fruit \u00e0 dominante cerise. Dense et charnue avec une jolie \u00e9paisseur du fruit \u00e0 la fois frais et m\u00fbr.<\/p>\n","protected":false},"featured_media":125624,"template":"","meta":{"_acf_changed":false},"product_brand":[],"product_cat":[29],"product_tag":[],"region":[33],"aoc":[74],"couleur":[92],"gamme":[],"millesime":[192],"collection":[156],"class_list":{"0":"post-125623","1":"product","2":"type-product","3":"status-publish","4":"has-post-thumbnail","6":"product_cat-produit","7":"region-vins-du-beaujolais","8":"aoc-morgon","9":"couleur-rouge","10":"millesime-192","11":"collection-fleurs","13":"first","14":"instock","15":"shipping-taxable","16":"purchasable","17":"product-type-simple"},"acf":[],"_links":{"self":[{"href":"https:\/\/www.duboeuf.com\/fr\/wp-json\/wp\/v2\/product\/125623","targetHints":{"allow":["GET"]}}],"collection":[{"href":"https:\/\/www.duboeuf.com\/fr\/wp-json\/wp\/v2\/product"}],"about":[{"href":"https:\/\/www.duboeuf.com\/fr\/wp-json\/wp\/v2\/types\/product"}],"wp:featuredmedia":[{"embeddable":true,"href":"https:\/\/www.duboeuf.com\/fr\/wp-json\/wp\/v2\/media\/125624"}],"wp:attachment":[{"href":"https:\/\/www.duboeuf.com\/fr\/wp-json\/wp\/v2\/media?parent=125623"}],"wp:term":[{"taxonomy":"product_brand","embeddable":true,"href":"https:\/\/www.duboeuf.com\/fr\/wp-json\/wp\/v2\/product_brand?post=125623"},{"taxonomy":"product_cat","embeddable":true,"href":"https:\/\/www.duboeuf.com\/fr\/wp-json\/wp\/v2\/product_cat?post=125623"},{"taxonomy":"product_tag","embeddable":true,"href":"https:\/\/www.duboeuf.com\/fr\/wp-json\/wp\/v2\/product_tag?post=125623"},{"taxonomy":"region","embeddable":true,"href":"https:\/\/www.duboeuf.com\/fr\/wp-json\/wp\/v2\/region?post=125623"},{"taxonomy":"aoc","embeddable":true,"href":"https:\/\/www.duboeuf.com\/fr\/wp-json\/wp\/v2\/aoc?post=125623"},{"taxonomy":"couleur","embeddable":true,"href":"https:\/\/www.duboeuf.com\/fr\/wp-json\/wp\/v2\/couleur?post=125623"},{"taxonomy":"gamme","embeddable":true,"href":"https:\/\/www.duboeuf.com\/fr\/wp-json\/wp\/v2\/gamme?post=125623"},{"taxonomy":"millesime","embeddable":true,"href":"https:\/\/www.duboeuf.com\/fr\/wp-json\/wp\/v2\/millesime?post=125623"},{"taxonomy":"collection","embeddable":true,"href":"https:\/\/www.duboeuf.com\/fr\/wp-json\/wp\/v2\/collection?post=125623"}],"curies":[{"name":"wp","href":"https:\/\/api.w.org\/{rel}","templated":true}]}}