{"id":125626,"date":"2026-04-21T15:27:23","date_gmt":"2026-04-21T13:27:23","guid":{"rendered":"https:\/\/www.duboeuf.com\/?post_type=product&#038;p=125626"},"modified":"2026-04-21T15:51:04","modified_gmt":"2026-04-21T13:51:04","slug":"macon-villages-blanc-2024-bio-selection-georges-duboeuf","status":"publish","type":"product","link":"https:\/\/www.duboeuf.com\/fr\/e-boutique\/produit\/macon-villages-blanc-2024-bio-selection-georges-duboeuf\/","title":{"rendered":"Macon-Villages Blanc 2024 Bio S\u00e9lection Georges Duboeuf"},"content":{"rendered":"<p>D&rsquo;une tunique d&rsquo;or lumineuse, ce M\u00e2con-Villages r\u00e9v\u00e8le an nez des ar\u00f4mes \u00e9l\u00e9gants et frais o\u00f9 dominent des senteurs de fleurs blanches, ch\u00e8vrefeuille, acacia, avec en finale une odeur de miel et de tilleul. Le palais confirme ce merveilleux bouquet en offrant en bouche : fruit, \u00e9l\u00e9gance, finesse et distinction.<\/p>\n","protected":false},"excerpt":{"rendered":"<p>D&rsquo;une tunique d&rsquo;or lumineuse, ce M\u00e2con-Villages r\u00e9v\u00e8le an nez des ar\u00f4mes \u00e9l\u00e9gants et frais o\u00f9 dominent des senteurs de fleurs blanches, ch\u00e8vrefeuille, acacia, avec en finale une odeur de miel et de tilleul. Le palais confirme ce merveilleux bouquet en offrant en bouche : fruit, \u00e9l\u00e9gance, finesse et distinction.<\/p>\n","protected":false},"featured_media":125627,"template":"","meta":{"_acf_changed":false},"product_brand":[],"product_cat":[29],"product_tag":[],"region":[37],"aoc":[81],"couleur":[94],"gamme":[],"millesime":[192],"collection":[156],"class_list":{"0":"post-125626","1":"product","2":"type-product","3":"status-publish","4":"has-post-thumbnail","6":"product_cat-produit","7":"region-vins-du-maconnais","8":"aoc-macon-villages-blanc","9":"couleur-blanc","10":"millesime-192","11":"collection-fleurs","13":"first","14":"instock","15":"shipping-taxable","16":"purchasable","17":"product-type-simple"},"acf":[],"_links":{"self":[{"href":"https:\/\/www.duboeuf.com\/fr\/wp-json\/wp\/v2\/product\/125626","targetHints":{"allow":["GET"]}}],"collection":[{"href":"https:\/\/www.duboeuf.com\/fr\/wp-json\/wp\/v2\/product"}],"about":[{"href":"https:\/\/www.duboeuf.com\/fr\/wp-json\/wp\/v2\/types\/product"}],"wp:featuredmedia":[{"embeddable":true,"href":"https:\/\/www.duboeuf.com\/fr\/wp-json\/wp\/v2\/media\/125627"}],"wp:attachment":[{"href":"https:\/\/www.duboeuf.com\/fr\/wp-json\/wp\/v2\/media?parent=125626"}],"wp:term":[{"taxonomy":"product_brand","embeddable":true,"href":"https:\/\/www.duboeuf.com\/fr\/wp-json\/wp\/v2\/product_brand?post=125626"},{"taxonomy":"product_cat","embeddable":true,"href":"https:\/\/www.duboeuf.com\/fr\/wp-json\/wp\/v2\/product_cat?post=125626"},{"taxonomy":"product_tag","embeddable":true,"href":"https:\/\/www.duboeuf.com\/fr\/wp-json\/wp\/v2\/product_tag?post=125626"},{"taxonomy":"region","embeddable":true,"href":"https:\/\/www.duboeuf.com\/fr\/wp-json\/wp\/v2\/region?post=125626"},{"taxonomy":"aoc","embeddable":true,"href":"https:\/\/www.duboeuf.com\/fr\/wp-json\/wp\/v2\/aoc?post=125626"},{"taxonomy":"couleur","embeddable":true,"href":"https:\/\/www.duboeuf.com\/fr\/wp-json\/wp\/v2\/couleur?post=125626"},{"taxonomy":"gamme","embeddable":true,"href":"https:\/\/www.duboeuf.com\/fr\/wp-json\/wp\/v2\/gamme?post=125626"},{"taxonomy":"millesime","embeddable":true,"href":"https:\/\/www.duboeuf.com\/fr\/wp-json\/wp\/v2\/millesime?post=125626"},{"taxonomy":"collection","embeddable":true,"href":"https:\/\/www.duboeuf.com\/fr\/wp-json\/wp\/v2\/collection?post=125626"}],"curies":[{"name":"wp","href":"https:\/\/api.w.org\/{rel}","templated":true}]}}