{"id":125632,"date":"2026-04-21T15:27:43","date_gmt":"2026-04-21T13:27:43","guid":{"rendered":"https:\/\/www.duboeuf.com\/?post_type=product&#038;p=125632"},"modified":"2026-04-21T15:51:04","modified_gmt":"2026-04-21T13:51:04","slug":"saint-veran-2024-bio-selection-georges-duboeuf","status":"publish","type":"product","link":"https:\/\/www.duboeuf.com\/fr\/e-boutique\/produit\/saint-veran-2024-bio-selection-georges-duboeuf\/","title":{"rendered":"Saint-V\u00e9ran 2024 Bio S\u00e9lection Georges Duboeuf"},"content":{"rendered":"<p>Robe d&rsquo;un \u00e9clat or blanc. Magnifique fra\u00eecheur, un parfum de tilleul, des saveurs de poire, extr\u00eamement \u00e9l\u00e9gant, stimulant et cristallin, grande identit\u00e9 du Chardonnay m\u00e2connais.<\/p>\n","protected":false},"excerpt":{"rendered":"<p>Robe d&rsquo;un \u00e9clat or blanc. Magnifique fra\u00eecheur, un parfum de tilleul, des saveurs de poire, extr\u00eamement \u00e9l\u00e9gant, stimulant et cristallin, grande identit\u00e9 du Chardonnay m\u00e2connais.<\/p>\n","protected":false},"featured_media":125633,"template":"","meta":{"_acf_changed":false},"product_brand":[],"product_cat":[29],"product_tag":[],"region":[37],"aoc":[84],"couleur":[94],"gamme":[],"millesime":[192],"collection":[156],"class_list":{"0":"post-125632","1":"product","2":"type-product","3":"status-publish","4":"has-post-thumbnail","6":"product_cat-produit","7":"region-vins-du-maconnais","8":"aoc-saint-veran","9":"couleur-blanc","10":"millesime-192","11":"collection-fleurs","13":"first","14":"instock","15":"shipping-taxable","16":"purchasable","17":"product-type-simple"},"acf":[],"_links":{"self":[{"href":"https:\/\/www.duboeuf.com\/fr\/wp-json\/wp\/v2\/product\/125632","targetHints":{"allow":["GET"]}}],"collection":[{"href":"https:\/\/www.duboeuf.com\/fr\/wp-json\/wp\/v2\/product"}],"about":[{"href":"https:\/\/www.duboeuf.com\/fr\/wp-json\/wp\/v2\/types\/product"}],"wp:featuredmedia":[{"embeddable":true,"href":"https:\/\/www.duboeuf.com\/fr\/wp-json\/wp\/v2\/media\/125633"}],"wp:attachment":[{"href":"https:\/\/www.duboeuf.com\/fr\/wp-json\/wp\/v2\/media?parent=125632"}],"wp:term":[{"taxonomy":"product_brand","embeddable":true,"href":"https:\/\/www.duboeuf.com\/fr\/wp-json\/wp\/v2\/product_brand?post=125632"},{"taxonomy":"product_cat","embeddable":true,"href":"https:\/\/www.duboeuf.com\/fr\/wp-json\/wp\/v2\/product_cat?post=125632"},{"taxonomy":"product_tag","embeddable":true,"href":"https:\/\/www.duboeuf.com\/fr\/wp-json\/wp\/v2\/product_tag?post=125632"},{"taxonomy":"region","embeddable":true,"href":"https:\/\/www.duboeuf.com\/fr\/wp-json\/wp\/v2\/region?post=125632"},{"taxonomy":"aoc","embeddable":true,"href":"https:\/\/www.duboeuf.com\/fr\/wp-json\/wp\/v2\/aoc?post=125632"},{"taxonomy":"couleur","embeddable":true,"href":"https:\/\/www.duboeuf.com\/fr\/wp-json\/wp\/v2\/couleur?post=125632"},{"taxonomy":"gamme","embeddable":true,"href":"https:\/\/www.duboeuf.com\/fr\/wp-json\/wp\/v2\/gamme?post=125632"},{"taxonomy":"millesime","embeddable":true,"href":"https:\/\/www.duboeuf.com\/fr\/wp-json\/wp\/v2\/millesime?post=125632"},{"taxonomy":"collection","embeddable":true,"href":"https:\/\/www.duboeuf.com\/fr\/wp-json\/wp\/v2\/collection?post=125632"}],"curies":[{"name":"wp","href":"https:\/\/api.w.org\/{rel}","templated":true}]}}