{"id":2943,"date":"2022-07-04T07:42:14","date_gmt":"2022-07-04T05:42:14","guid":{"rendered":"https:\/\/www.duboeuf.com\/e-boutique\/non%20class\u00e9\/beaujolais-blanc-2020-selection-g-duboeuf\/"},"modified":"2026-04-21T15:50:19","modified_gmt":"2026-04-21T13:50:19","slug":"beaujolais-blanc-2020-selection-g-duboeuf","status":"publish","type":"product","link":"https:\/\/www.duboeuf.com\/fr\/e-boutique\/produit\/beaujolais-blanc-2020-selection-g-duboeuf\/","title":{"rendered":"Beaujolais Blanc 2020 S\u00e9lection G. Duboeuf"},"content":{"rendered":"<p>L&rsquo;appellation Beaujolais Blanc s&rsquo;\u00e9tend sur deux d\u00e9partements : le Rh\u00f4ne et la Sa\u00f4ne et Loire. Elle se r\u00e9partit en deux zones : l&rsquo;extr\u00eame nord du vignoble aux limites du M\u00e2connais, et le sud-ouest de Villefranche, essentiellement dans le triangle constitu\u00e9 par les communes de Liergues, le Bois d&rsquo;Oingt et Bully.<\/p>\n<p>Le Beaujolais Blanc est une v\u00e9ritable \u00ab\u00a0perle rare\u00a0\u00bb. Il repr\u00e9sente 2 % de la production du vignoble. La raret\u00e9 de l&rsquo;appellation et son excellente qualit\u00e9 m\u00e9ritent sans conteste la d\u00e9couverte.<\/p>\n<p>Ce vin magique, inattendu et d\u00e9licieux, est appr\u00e9ci\u00e9 par un nombre grandissant de connaisseurs.<\/p>\n","protected":false},"excerpt":{"rendered":"<p>L&rsquo;appellation Beaujolais Blanc s&rsquo;\u00e9tend sur deux d\u00e9partements : le Rh\u00f4ne et la Sa\u00f4ne et Loire. Elle se r\u00e9partit en deux zones : l&rsquo;extr\u00eame nord du vignoble aux limites du M\u00e2connais, et le sud-ouest de Villefranche, essentiellement dans le triangle constitu\u00e9 par les communes de Liergues, le Bois d&rsquo;Oingt et Bully. Le Beaujolais Blanc est une [&hellip;]<\/p>\n","protected":false},"featured_media":4102,"template":"","meta":{"_acf_changed":false},"product_brand":[],"product_cat":[29],"product_tag":[],"region":[33],"aoc":[85],"couleur":[94],"gamme":[],"millesime":[40],"collection":[156],"class_list":{"0":"post-2943","1":"product","2":"type-product","3":"status-publish","4":"has-post-thumbnail","6":"product_cat-produit","7":"region-vins-du-beaujolais","8":"aoc-beaujolais-blanc","9":"couleur-blanc","10":"millesime-40","11":"collection-fleurs","13":"first","14":"instock","15":"shipping-taxable","16":"product-type-simple"},"acf":[],"_links":{"self":[{"href":"https:\/\/www.duboeuf.com\/fr\/wp-json\/wp\/v2\/product\/2943","targetHints":{"allow":["GET"]}}],"collection":[{"href":"https:\/\/www.duboeuf.com\/fr\/wp-json\/wp\/v2\/product"}],"about":[{"href":"https:\/\/www.duboeuf.com\/fr\/wp-json\/wp\/v2\/types\/product"}],"wp:featuredmedia":[{"embeddable":true,"href":"https:\/\/www.duboeuf.com\/fr\/wp-json\/wp\/v2\/media\/4102"}],"wp:attachment":[{"href":"https:\/\/www.duboeuf.com\/fr\/wp-json\/wp\/v2\/media?parent=2943"}],"wp:term":[{"taxonomy":"product_brand","embeddable":true,"href":"https:\/\/www.duboeuf.com\/fr\/wp-json\/wp\/v2\/product_brand?post=2943"},{"taxonomy":"product_cat","embeddable":true,"href":"https:\/\/www.duboeuf.com\/fr\/wp-json\/wp\/v2\/product_cat?post=2943"},{"taxonomy":"product_tag","embeddable":true,"href":"https:\/\/www.duboeuf.com\/fr\/wp-json\/wp\/v2\/product_tag?post=2943"},{"taxonomy":"region","embeddable":true,"href":"https:\/\/www.duboeuf.com\/fr\/wp-json\/wp\/v2\/region?post=2943"},{"taxonomy":"aoc","embeddable":true,"href":"https:\/\/www.duboeuf.com\/fr\/wp-json\/wp\/v2\/aoc?post=2943"},{"taxonomy":"couleur","embeddable":true,"href":"https:\/\/www.duboeuf.com\/fr\/wp-json\/wp\/v2\/couleur?post=2943"},{"taxonomy":"gamme","embeddable":true,"href":"https:\/\/www.duboeuf.com\/fr\/wp-json\/wp\/v2\/gamme?post=2943"},{"taxonomy":"millesime","embeddable":true,"href":"https:\/\/www.duboeuf.com\/fr\/wp-json\/wp\/v2\/millesime?post=2943"},{"taxonomy":"collection","embeddable":true,"href":"https:\/\/www.duboeuf.com\/fr\/wp-json\/wp\/v2\/collection?post=2943"}],"curies":[{"name":"wp","href":"https:\/\/api.w.org\/{rel}","templated":true}]}}