{"id":5201,"date":"2022-07-04T07:42:50","date_gmt":"2022-07-04T05:42:50","guid":{"rendered":"https:\/\/www.duboeuf.com\/?post_type=product&#038;p=5201"},"modified":"2026-04-21T15:50:09","modified_gmt":"2026-04-21T13:50:09","slug":"cremant-de-bourgogne-brut-selection-g-duboeuf","status":"publish","type":"product","link":"https:\/\/www.duboeuf.com\/fr\/e-boutique\/produit\/cremant-de-bourgogne-brut-selection-g-duboeuf\/","title":{"rendered":"Cr\u00e9mant De Bourgogne Brut &#8211; S\u00e9lection G. Duboeuf"},"content":{"rendered":"<p>Ce Cr\u00e9mant est \u00e9labor\u00e9 au coeur de l&rsquo;Auxerrois, o\u00f9 l&rsquo;appellation Cr\u00e9mant de Bourgogne repr\u00e9sente 200 hectares.<br \/>\nLes vendanges sont r\u00e9alis\u00e9es manuellement en caisses perc\u00e9es pour pr\u00e9server l&rsquo;int\u00e9grit\u00e9 et la qualit\u00e9 des baies. Les raisins sont press\u00e9s grappes enti\u00e8res et seule la meilleure partie des jus, la \u00ab\u00a0cuv\u00e9e\u00a0\u00bb, est utilis\u00e9e.<br \/>\nLes fermentations sont r\u00e9alis\u00e9es en cuve, dans le respect des qualit\u00e9s aromatiques et de la fra\u00eecheur.<\/p>\n<p>Apr\u00e8s le subtil exercice des assemblages, les vins commencent un long vieillissement en bouteille de plusieurs ann\u00e9es&#8230; Au cours de cette p\u00e9riode la prise de mousse se r\u00e9alise, le contact des lies donne sa personnalit\u00e9 au vin qui se transforme en Cr\u00e9mant de Bourgogne.<\/p>\n","protected":false},"excerpt":{"rendered":"<p>Ce Cr\u00e9mant est \u00e9labor\u00e9 au coeur de l&rsquo;Auxerrois, o\u00f9 l&rsquo;appellation Cr\u00e9mant de Bourgogne repr\u00e9sente 200 hectares. Les vendanges sont r\u00e9alis\u00e9es manuellement en caisses perc\u00e9es pour pr\u00e9server l&rsquo;int\u00e9grit\u00e9 et la qualit\u00e9 des baies. Les raisins sont press\u00e9s grappes enti\u00e8res et seule la meilleure partie des jus, la \u00ab\u00a0cuv\u00e9e\u00a0\u00bb, est utilis\u00e9e. Les fermentations sont r\u00e9alis\u00e9es en cuve, [&hellip;]<\/p>\n","protected":false},"featured_media":3009,"template":"","meta":{"_acf_changed":false},"product_brand":[],"product_cat":[29],"product_tag":[],"region":[43],"aoc":[90],"couleur":[147],"gamme":[],"millesime":[35],"collection":[156],"class_list":{"0":"post-5201","1":"product","2":"type-product","3":"status-publish","4":"has-post-thumbnail","6":"product_cat-produit","7":"region-vins-de-bourgogne","8":"aoc-cremant-de-bourgogne","9":"couleur-mousseux","10":"millesime-35","11":"collection-fleurs","13":"first","14":"instock","15":"shipping-taxable","16":"purchasable","17":"product-type-simple"},"acf":[],"_links":{"self":[{"href":"https:\/\/www.duboeuf.com\/fr\/wp-json\/wp\/v2\/product\/5201","targetHints":{"allow":["GET"]}}],"collection":[{"href":"https:\/\/www.duboeuf.com\/fr\/wp-json\/wp\/v2\/product"}],"about":[{"href":"https:\/\/www.duboeuf.com\/fr\/wp-json\/wp\/v2\/types\/product"}],"wp:featuredmedia":[{"embeddable":true,"href":"https:\/\/www.duboeuf.com\/fr\/wp-json\/wp\/v2\/media\/3009"}],"wp:attachment":[{"href":"https:\/\/www.duboeuf.com\/fr\/wp-json\/wp\/v2\/media?parent=5201"}],"wp:term":[{"taxonomy":"product_brand","embeddable":true,"href":"https:\/\/www.duboeuf.com\/fr\/wp-json\/wp\/v2\/product_brand?post=5201"},{"taxonomy":"product_cat","embeddable":true,"href":"https:\/\/www.duboeuf.com\/fr\/wp-json\/wp\/v2\/product_cat?post=5201"},{"taxonomy":"product_tag","embeddable":true,"href":"https:\/\/www.duboeuf.com\/fr\/wp-json\/wp\/v2\/product_tag?post=5201"},{"taxonomy":"region","embeddable":true,"href":"https:\/\/www.duboeuf.com\/fr\/wp-json\/wp\/v2\/region?post=5201"},{"taxonomy":"aoc","embeddable":true,"href":"https:\/\/www.duboeuf.com\/fr\/wp-json\/wp\/v2\/aoc?post=5201"},{"taxonomy":"couleur","embeddable":true,"href":"https:\/\/www.duboeuf.com\/fr\/wp-json\/wp\/v2\/couleur?post=5201"},{"taxonomy":"gamme","embeddable":true,"href":"https:\/\/www.duboeuf.com\/fr\/wp-json\/wp\/v2\/gamme?post=5201"},{"taxonomy":"millesime","embeddable":true,"href":"https:\/\/www.duboeuf.com\/fr\/wp-json\/wp\/v2\/millesime?post=5201"},{"taxonomy":"collection","embeddable":true,"href":"https:\/\/www.duboeuf.com\/fr\/wp-json\/wp\/v2\/collection?post=5201"}],"curies":[{"name":"wp","href":"https:\/\/api.w.org\/{rel}","templated":true}]}}