{"id":9819,"date":"2023-08-30T16:15:02","date_gmt":"2023-08-30T14:15:02","guid":{"rendered":"https:\/\/www.duboeuf.com\/e-boutique\/non%20class\u00e9\/beaujolais-villages-domaine-de-la-madone-des-loges\/"},"modified":"2023-08-31T14:21:03","modified_gmt":"2023-08-31T12:21:03","slug":"beaujolais-villages-domaine-de-la-madone-des-loges","status":"publish","type":"product","link":"https:\/\/www.duboeuf.com\/fr\/e-boutique\/fiche-technique\/beaujolais-villages-domaine-de-la-madone-des-loges\/","title":{"rendered":"Beaujolais-Villages Domaine De La Madone Des Loges"},"content":{"rendered":"<p>38 communes (31 situ\u00e9es dans le Rh\u00f4ne et 7 en Sa\u00f4ne-et-Loire), r\u00e9parties sur 3 zones g\u00e9ographiques aux sp\u00e9cificit\u00e9s marqu\u00e9es, donnent vie au Beaujolais-Villages, premi\u00e8re appellation fran\u00e7aise \u00e0 avoir utilis\u00e9 le terme \u00ab\u00a0Villages\u00a0\u00bb. <\/p>\n<p>Le Domaine de la Madone des Loges  est situ\u00e9 sur la Commune du P\u00e9rr\u00e9on, \u00e0 proximit\u00e9 de Villefranche sur Sa\u00f4ne. Il est compos\u00e9 essentiellement de vignes de plus de 40 ans. Selon les sp\u00e9cificit\u00e9s de la r\u00e9gion beaujolaise, la vendange est toujours effectu\u00e9e manuellement et la vinification se fait en grappes enti\u00e8res.<\/p>\n<p>Le vinificateur proc\u00e8de \u00e0 une mac\u00e9ration semi-carbonique de 10 jours, avec ma\u00eetrise des temp\u00e9ratures durant tout le process fermentaire.<\/p>\n","protected":false},"excerpt":{"rendered":"<p>38 communes (31 situ\u00e9es dans le Rh\u00f4ne et 7 en Sa\u00f4ne-et-Loire), r\u00e9parties sur 3 zones g\u00e9ographiques aux sp\u00e9cificit\u00e9s marqu\u00e9es, donnent vie au Beaujolais-Villages, premi\u00e8re appellation fran\u00e7aise \u00e0 avoir utilis\u00e9 le terme \u00ab\u00a0Villages\u00a0\u00bb. Le Domaine de la Madone des Loges est situ\u00e9 sur la Commune du P\u00e9rr\u00e9on, \u00e0 proximit\u00e9 de Villefranche sur Sa\u00f4ne. Il est compos\u00e9 [&hellip;]<\/p>\n","protected":false},"featured_media":3079,"template":"","meta":{"_acf_changed":false},"product_brand":[],"product_cat":[30],"product_tag":[],"region":[33],"aoc":[66],"couleur":[92],"gamme":[],"millesime":[],"collection":[151],"class_list":{"0":"post-9819","1":"product","2":"type-product","3":"status-publish","4":"has-post-thumbnail","6":"product_cat-fiche-technique","7":"region-vins-du-beaujolais","8":"aoc-beaujolais-villages","9":"couleur-rouge","10":"collection-domaines-chateaux","12":"first","13":"outofstock","14":"product-type-simple"},"acf":[],"_links":{"self":[{"href":"https:\/\/www.duboeuf.com\/fr\/wp-json\/wp\/v2\/product\/9819","targetHints":{"allow":["GET"]}}],"collection":[{"href":"https:\/\/www.duboeuf.com\/fr\/wp-json\/wp\/v2\/product"}],"about":[{"href":"https:\/\/www.duboeuf.com\/fr\/wp-json\/wp\/v2\/types\/product"}],"wp:featuredmedia":[{"embeddable":true,"href":"https:\/\/www.duboeuf.com\/fr\/wp-json\/wp\/v2\/media\/3079"}],"wp:attachment":[{"href":"https:\/\/www.duboeuf.com\/fr\/wp-json\/wp\/v2\/media?parent=9819"}],"wp:term":[{"taxonomy":"product_brand","embeddable":true,"href":"https:\/\/www.duboeuf.com\/fr\/wp-json\/wp\/v2\/product_brand?post=9819"},{"taxonomy":"product_cat","embeddable":true,"href":"https:\/\/www.duboeuf.com\/fr\/wp-json\/wp\/v2\/product_cat?post=9819"},{"taxonomy":"product_tag","embeddable":true,"href":"https:\/\/www.duboeuf.com\/fr\/wp-json\/wp\/v2\/product_tag?post=9819"},{"taxonomy":"region","embeddable":true,"href":"https:\/\/www.duboeuf.com\/fr\/wp-json\/wp\/v2\/region?post=9819"},{"taxonomy":"aoc","embeddable":true,"href":"https:\/\/www.duboeuf.com\/fr\/wp-json\/wp\/v2\/aoc?post=9819"},{"taxonomy":"couleur","embeddable":true,"href":"https:\/\/www.duboeuf.com\/fr\/wp-json\/wp\/v2\/couleur?post=9819"},{"taxonomy":"gamme","embeddable":true,"href":"https:\/\/www.duboeuf.com\/fr\/wp-json\/wp\/v2\/gamme?post=9819"},{"taxonomy":"millesime","embeddable":true,"href":"https:\/\/www.duboeuf.com\/fr\/wp-json\/wp\/v2\/millesime?post=9819"},{"taxonomy":"collection","embeddable":true,"href":"https:\/\/www.duboeuf.com\/fr\/wp-json\/wp\/v2\/collection?post=9819"}],"curies":[{"name":"wp","href":"https:\/\/api.w.org\/{rel}","templated":true}]}}