{"id":9820,"date":"2022-06-24T21:20:42","date_gmt":"2022-06-24T19:20:42","guid":{"rendered":"https:\/\/www.duboeuf.com\/e-boutique\/non%20class\u00e9\/beaujolais-villages-signature\/"},"modified":"2026-02-25T09:23:03","modified_gmt":"2026-02-25T08:23:03","slug":"beaujolais-villages-signature","status":"publish","type":"product","link":"https:\/\/www.duboeuf.com\/fr\/e-boutique\/fiche-technique\/beaujolais-villages-signature\/","title":{"rendered":"Beaujolais Villages Signature"},"content":{"rendered":"<p>Une gamme incomparable qui transcende cette appellation.<br \/>\nLes cuv\u00e9es \u00ab Signature \u00bb restituent \u00e0 merveille leur origine et le talent des vignerons.<br \/>\nLe fruit, la richesse et la complexit\u00e9 sont ici d\u00e9multipli\u00e9s.<br \/>\nUne signature inimitable pour une exp\u00e9rience unique !<\/p>\n<p>Vinification :<\/p>\n<p>Mac\u00e9ration semi-carbonique de 8 \u00e0 10 jours<br \/>\nPressurage<br \/>\nMa\u00eetrise des temp\u00e9ratures pendant tout le process fermentaire<br \/>\nFermentation malolactique : 100 %<br \/>\nElevage en cuve inox<\/p>\n","protected":false},"excerpt":{"rendered":"<p>Une gamme incomparable qui transcende cette appellation. Les cuv\u00e9es \u00ab Signature \u00bb restituent \u00e0 merveille leur origine et le talent des vignerons. Le fruit, la richesse et la complexit\u00e9 sont ici d\u00e9multipli\u00e9s. Une signature inimitable pour une exp\u00e9rience unique ! Vinification : Mac\u00e9ration semi-carbonique de 8 \u00e0 10 jours Pressurage Ma\u00eetrise des temp\u00e9ratures pendant tout [&hellip;]<\/p>\n","protected":false},"featured_media":2640,"template":"","meta":{"_acf_changed":false},"product_brand":[],"product_cat":[30],"product_tag":[],"region":[33],"aoc":[66],"couleur":[92],"gamme":[],"millesime":[],"collection":[150],"class_list":{"0":"post-9820","1":"product","2":"type-product","3":"status-publish","4":"has-post-thumbnail","6":"product_cat-fiche-technique","7":"region-vins-du-beaujolais","8":"aoc-beaujolais-villages","9":"couleur-rouge","10":"collection-signature","12":"first","13":"outofstock","14":"product-type-simple"},"acf":[],"_links":{"self":[{"href":"https:\/\/www.duboeuf.com\/fr\/wp-json\/wp\/v2\/product\/9820","targetHints":{"allow":["GET"]}}],"collection":[{"href":"https:\/\/www.duboeuf.com\/fr\/wp-json\/wp\/v2\/product"}],"about":[{"href":"https:\/\/www.duboeuf.com\/fr\/wp-json\/wp\/v2\/types\/product"}],"wp:featuredmedia":[{"embeddable":true,"href":"https:\/\/www.duboeuf.com\/fr\/wp-json\/wp\/v2\/media\/2640"}],"wp:attachment":[{"href":"https:\/\/www.duboeuf.com\/fr\/wp-json\/wp\/v2\/media?parent=9820"}],"wp:term":[{"taxonomy":"product_brand","embeddable":true,"href":"https:\/\/www.duboeuf.com\/fr\/wp-json\/wp\/v2\/product_brand?post=9820"},{"taxonomy":"product_cat","embeddable":true,"href":"https:\/\/www.duboeuf.com\/fr\/wp-json\/wp\/v2\/product_cat?post=9820"},{"taxonomy":"product_tag","embeddable":true,"href":"https:\/\/www.duboeuf.com\/fr\/wp-json\/wp\/v2\/product_tag?post=9820"},{"taxonomy":"region","embeddable":true,"href":"https:\/\/www.duboeuf.com\/fr\/wp-json\/wp\/v2\/region?post=9820"},{"taxonomy":"aoc","embeddable":true,"href":"https:\/\/www.duboeuf.com\/fr\/wp-json\/wp\/v2\/aoc?post=9820"},{"taxonomy":"couleur","embeddable":true,"href":"https:\/\/www.duboeuf.com\/fr\/wp-json\/wp\/v2\/couleur?post=9820"},{"taxonomy":"gamme","embeddable":true,"href":"https:\/\/www.duboeuf.com\/fr\/wp-json\/wp\/v2\/gamme?post=9820"},{"taxonomy":"millesime","embeddable":true,"href":"https:\/\/www.duboeuf.com\/fr\/wp-json\/wp\/v2\/millesime?post=9820"},{"taxonomy":"collection","embeddable":true,"href":"https:\/\/www.duboeuf.com\/fr\/wp-json\/wp\/v2\/collection?post=9820"}],"curies":[{"name":"wp","href":"https:\/\/api.w.org\/{rel}","templated":true}]}}