{"id":9876,"date":"2022-06-24T21:23:02","date_gmt":"2022-06-24T19:23:02","guid":{"rendered":"https:\/\/www.duboeuf.com\/e-boutique\/non%20class\u00e9\/pouilly-fuisse-signature\/"},"modified":"2023-08-31T14:18:26","modified_gmt":"2023-08-31T12:18:26","slug":"pouilly-fuisse-signature","status":"publish","type":"product","link":"https:\/\/www.duboeuf.com\/fr\/e-boutique\/fiche-technique\/pouilly-fuisse-signature\/","title":{"rendered":"Pouilly-Fuiss\u00e9 Signature"},"content":{"rendered":"<p>Une gamme incomparable qui transcende cette appellation du M\u00e2connais.<br \/>\nLes cuv\u00e9es \u00ab Signature \u00bb restituent \u00e0 merveille leur origine et le talent des vignerons.<br \/>\nLe fruit, la richesse et la complexit\u00e9 sont ici d\u00e9multipli\u00e9s.<br \/>\nUne signature inimitable pour une exp\u00e9rience unique !<\/p>\n<p>Vinification :<\/p>\n<p>Pressurage \u00e0 froid<br \/>\nEntonnage \u00e0 mi-fermentation alcoolique<br \/>\nElevage en f\u00fbts neufs<br \/>\nB\u00e2tonnage<\/p>\n","protected":false},"excerpt":{"rendered":"<p>Une gamme incomparable qui transcende cette appellation du M\u00e2connais. Les cuv\u00e9es \u00ab Signature \u00bb restituent \u00e0 merveille leur origine et le talent des vignerons. Le fruit, la richesse et la complexit\u00e9 sont ici d\u00e9multipli\u00e9s. Une signature inimitable pour une exp\u00e9rience unique ! Vinification : Pressurage \u00e0 froid Entonnage \u00e0 mi-fermentation alcoolique Elevage en f\u00fbts neufs [&hellip;]<\/p>\n","protected":false},"featured_media":2973,"template":"","meta":{"_acf_changed":false},"product_brand":[],"product_cat":[30],"product_tag":[],"region":[37],"aoc":[83],"couleur":[94],"gamme":[],"millesime":[],"collection":[150],"class_list":{"0":"post-9876","1":"product","2":"type-product","3":"status-publish","4":"has-post-thumbnail","6":"product_cat-fiche-technique","7":"region-vins-du-maconnais","8":"aoc-pouilly-fuisse","9":"couleur-blanc","10":"collection-signature","12":"first","13":"outofstock","14":"product-type-simple"},"acf":[],"_links":{"self":[{"href":"https:\/\/www.duboeuf.com\/fr\/wp-json\/wp\/v2\/product\/9876","targetHints":{"allow":["GET"]}}],"collection":[{"href":"https:\/\/www.duboeuf.com\/fr\/wp-json\/wp\/v2\/product"}],"about":[{"href":"https:\/\/www.duboeuf.com\/fr\/wp-json\/wp\/v2\/types\/product"}],"wp:featuredmedia":[{"embeddable":true,"href":"https:\/\/www.duboeuf.com\/fr\/wp-json\/wp\/v2\/media\/2973"}],"wp:attachment":[{"href":"https:\/\/www.duboeuf.com\/fr\/wp-json\/wp\/v2\/media?parent=9876"}],"wp:term":[{"taxonomy":"product_brand","embeddable":true,"href":"https:\/\/www.duboeuf.com\/fr\/wp-json\/wp\/v2\/product_brand?post=9876"},{"taxonomy":"product_cat","embeddable":true,"href":"https:\/\/www.duboeuf.com\/fr\/wp-json\/wp\/v2\/product_cat?post=9876"},{"taxonomy":"product_tag","embeddable":true,"href":"https:\/\/www.duboeuf.com\/fr\/wp-json\/wp\/v2\/product_tag?post=9876"},{"taxonomy":"region","embeddable":true,"href":"https:\/\/www.duboeuf.com\/fr\/wp-json\/wp\/v2\/region?post=9876"},{"taxonomy":"aoc","embeddable":true,"href":"https:\/\/www.duboeuf.com\/fr\/wp-json\/wp\/v2\/aoc?post=9876"},{"taxonomy":"couleur","embeddable":true,"href":"https:\/\/www.duboeuf.com\/fr\/wp-json\/wp\/v2\/couleur?post=9876"},{"taxonomy":"gamme","embeddable":true,"href":"https:\/\/www.duboeuf.com\/fr\/wp-json\/wp\/v2\/gamme?post=9876"},{"taxonomy":"millesime","embeddable":true,"href":"https:\/\/www.duboeuf.com\/fr\/wp-json\/wp\/v2\/millesime?post=9876"},{"taxonomy":"collection","embeddable":true,"href":"https:\/\/www.duboeuf.com\/fr\/wp-json\/wp\/v2\/collection?post=9876"}],"curies":[{"name":"wp","href":"https:\/\/api.w.org\/{rel}","templated":true}]}}