{"id":9881,"date":"2023-08-30T16:15:52","date_gmt":"2023-08-30T14:15:52","guid":{"rendered":"https:\/\/www.duboeuf.com\/e-boutique\/non%20class\u00e9\/pouilly-fuisse-premier-cru\/"},"modified":"2024-03-29T11:27:49","modified_gmt":"2024-03-29T10:27:49","slug":"pouilly-fuisse-premier-cru","status":"publish","type":"product","link":"https:\/\/www.duboeuf.com\/fr\/e-boutique\/fiche-technique\/pouilly-fuisse-premier-cru\/","title":{"rendered":"Pouilly-Fuiss\u00e9 Premier Cru"},"content":{"rendered":"<p>La progression constante du niveau de qualit\u00e9 des climats de l\u2019appellation, reconnus au niveau des meilleurs climats bourguignons class\u00e9s, a conduit le Conseil d\u2019Administration de l\u2019Union des Producteurs \u00e0 entamer une d\u00e9marche de reconnaissance en 1er Cru, pr\u00e9sent\u00e9e lors de l\u2019Assembl\u00e9e G\u00e9n\u00e9rale du 29 mars 2008. Des recherches documentaires sur l\u2019historique des climats, une \u00e9tude g\u00e9ologique, p\u00e9dologique et topographique pr\u00e9cise de l\u2019appellation, une enqu\u00eate parcellaire aupr\u00e8s de tous les producteurs, pratiques culturales, donn\u00e9es \u00e9conomiques, des s\u00e9ances de d\u00e9gustations et r\u00e9unions publiques ont \u00e9t\u00e9 entrepris.<\/p>\n<p>L\u2019Institut National de l\u2019Origine et de la Qualit\u00e9 a approuv\u00e9 la reconnaissance de 22 climats en 1er crus. Ils repr\u00e9sentent 24% de l\u2019aire de l\u2019AOC, r\u00e9partis sur les quatre communes de l\u2019appellation : Chaintr\u00e9, Fuiss\u00e9, Solutr\u00e9-Pouilly et Vergisson.<\/p>\n<p>Les vins b\u00e9n\u00e9ficiant de la mention \u00ab Premier Cru \u00bb peuvent \u00eatre plus fruit\u00e9s, plus puissants ou plus min\u00e9raux selon la provenance des raisins. Ils n\u00e9cessitent une dur\u00e9e d\u2019\u00e9levage plus longue pour exprimer pleinement leur \u00e9quilibre, leur longueur, leur intensit\u00e9 et leur complexit\u00e9.<\/p>\n","protected":false},"excerpt":{"rendered":"<p>La progression constante du niveau de qualit\u00e9 des climats de l\u2019appellation, reconnus au niveau des meilleurs climats bourguignons class\u00e9s, a conduit le Conseil d\u2019Administration de l\u2019Union des Producteurs \u00e0 entamer une d\u00e9marche de reconnaissance en 1er Cru, pr\u00e9sent\u00e9e lors de l\u2019Assembl\u00e9e G\u00e9n\u00e9rale du 29 mars 2008. Des recherches documentaires sur l\u2019historique des climats, une \u00e9tude [&hellip;]<\/p>\n","protected":false},"featured_media":3191,"template":"","meta":{"_acf_changed":false},"product_brand":[],"product_cat":[30],"product_tag":[],"region":[37],"aoc":[108],"couleur":[94],"gamme":[],"millesime":[],"collection":[151],"class_list":{"0":"post-9881","1":"product","2":"type-product","3":"status-publish","4":"has-post-thumbnail","6":"product_cat-fiche-technique","7":"region-vins-du-maconnais","8":"aoc-pouilly-fuisse-premier-cru","9":"couleur-blanc","10":"collection-domaines-chateaux","12":"first","13":"outofstock","14":"product-type-simple"},"acf":[],"_links":{"self":[{"href":"https:\/\/www.duboeuf.com\/fr\/wp-json\/wp\/v2\/product\/9881","targetHints":{"allow":["GET"]}}],"collection":[{"href":"https:\/\/www.duboeuf.com\/fr\/wp-json\/wp\/v2\/product"}],"about":[{"href":"https:\/\/www.duboeuf.com\/fr\/wp-json\/wp\/v2\/types\/product"}],"wp:featuredmedia":[{"embeddable":true,"href":"https:\/\/www.duboeuf.com\/fr\/wp-json\/wp\/v2\/media\/3191"}],"wp:attachment":[{"href":"https:\/\/www.duboeuf.com\/fr\/wp-json\/wp\/v2\/media?parent=9881"}],"wp:term":[{"taxonomy":"product_brand","embeddable":true,"href":"https:\/\/www.duboeuf.com\/fr\/wp-json\/wp\/v2\/product_brand?post=9881"},{"taxonomy":"product_cat","embeddable":true,"href":"https:\/\/www.duboeuf.com\/fr\/wp-json\/wp\/v2\/product_cat?post=9881"},{"taxonomy":"product_tag","embeddable":true,"href":"https:\/\/www.duboeuf.com\/fr\/wp-json\/wp\/v2\/product_tag?post=9881"},{"taxonomy":"region","embeddable":true,"href":"https:\/\/www.duboeuf.com\/fr\/wp-json\/wp\/v2\/region?post=9881"},{"taxonomy":"aoc","embeddable":true,"href":"https:\/\/www.duboeuf.com\/fr\/wp-json\/wp\/v2\/aoc?post=9881"},{"taxonomy":"couleur","embeddable":true,"href":"https:\/\/www.duboeuf.com\/fr\/wp-json\/wp\/v2\/couleur?post=9881"},{"taxonomy":"gamme","embeddable":true,"href":"https:\/\/www.duboeuf.com\/fr\/wp-json\/wp\/v2\/gamme?post=9881"},{"taxonomy":"millesime","embeddable":true,"href":"https:\/\/www.duboeuf.com\/fr\/wp-json\/wp\/v2\/millesime?post=9881"},{"taxonomy":"collection","embeddable":true,"href":"https:\/\/www.duboeuf.com\/fr\/wp-json\/wp\/v2\/collection?post=9881"}],"curies":[{"name":"wp","href":"https:\/\/api.w.org\/{rel}","templated":true}]}}